{"id":832146,"date":"2025-08-07T15:29:43","date_gmt":"2025-08-07T13:29:43","guid":{"rendered":"https:\/\/lucacastelli.com\/prodotto\/milwaukee-seitenhalterung-8\/"},"modified":"2025-08-07T15:29:43","modified_gmt":"2025-08-07T13:29:43","slug":"milwaukee-seitenhalterung-8","status":"publish","type":"product","link":"https:\/\/lucacastelli.com\/de\/produkt\/milwaukee-seitenhalterung-8\/","title":{"rendered":"MILWAUKEE Seitenhalterung"},"content":{"rendered":"<p>PACKOUT\u2122 SEITENREGAL<br \/>\nZur Montage an den Seiten von PACKOUT\u2122-T\u00fcrmen, um die Aufbewahrungsm\u00f6glichkeiten f\u00fcr Zubeh\u00f6r und Werkzeuge zu erweitern;Zur Aufbewahrung verschiedener Werkzeuge wie Bit-Sets, Rollbandma\u00dfe, Handwerkzeuge, Handschuhe oder Bohrmaschinen;Kompatibel mit PACKOUT\u2122-F\u00e4chern (Regalboden) und PACKOUT\u2122-Beh\u00e4ltern, Magnetschalen sowie SHOCKWAVE\u2122 Bit-Sets;Sto\u00dffestes Material;Teil des modularen Aufbewahrungssystems PACKOUT\u2122<\/p>\n<p>4932498647<br \/>\n4058546525163<\/p>\n","protected":false},"excerpt":{"rendered":"<p>PACKOUT\u2122 SEITENREGAL<\/p>\n","protected":false},"featured_media":589455,"template":"","meta":{"_seopress_robots_primary_cat":"","_seopress_titles_title":"","_seopress_titles_desc":"","_seopress_robots_index":""},"product_brand":[3407],"product_cat":[5416,33],"product_tag":[3270],"class_list":{"0":"post-832146","1":"product","2":"type-product","3":"status-publish","4":"has-post-thumbnail","6":"product_brand-milwaukee","7":"product_cat-utensili-per-officina","8":"product_cat-attrezzature","9":"product_tag-import-milwau","10":"sws-conto-ricavi-merci-rivendita-macchinari-de","11":"sws-gruppo-iva-iva81-de","13":"first","14":"onbackorder","15":"sale","16":"shipping-taxable","17":"purchasable","18":"product-type-simple"},"_links":{"self":[{"href":"https:\/\/lucacastelli.com\/de\/wp-json\/wp\/v2\/product\/832146","targetHints":{"allow":["GET"]}}],"collection":[{"href":"https:\/\/lucacastelli.com\/de\/wp-json\/wp\/v2\/product"}],"about":[{"href":"https:\/\/lucacastelli.com\/de\/wp-json\/wp\/v2\/types\/product"}],"wp:featuredmedia":[{"embeddable":true,"href":"https:\/\/lucacastelli.com\/de\/wp-json\/wp\/v2\/media\/589455"}],"wp:attachment":[{"href":"https:\/\/lucacastelli.com\/de\/wp-json\/wp\/v2\/media?parent=832146"}],"wp:term":[{"taxonomy":"product_brand","embeddable":true,"href":"https:\/\/lucacastelli.com\/de\/wp-json\/wp\/v2\/product_brand?post=832146"},{"taxonomy":"product_cat","embeddable":true,"href":"https:\/\/lucacastelli.com\/de\/wp-json\/wp\/v2\/product_cat?post=832146"},{"taxonomy":"product_tag","embeddable":true,"href":"https:\/\/lucacastelli.com\/de\/wp-json\/wp\/v2\/product_tag?post=832146"}],"curies":[{"name":"wp","href":"https:\/\/api.w.org\/{rel}","templated":true}]}}