{"id":832114,"date":"2025-08-07T15:56:17","date_gmt":"2025-08-07T13:56:17","guid":{"rendered":"https:\/\/lucacastelli.com\/prodotto\/milwaukee-trucker-kappe-schwarz\/"},"modified":"2025-08-07T15:56:17","modified_gmt":"2025-08-07T13:56:17","slug":"milwaukee-trucker-kappe-schwarz","status":"publish","type":"product","link":"https:\/\/lucacastelli.com\/de\/produkt\/milwaukee-trucker-kappe-schwarz\/","title":{"rendered":"MILWAUKEE TRUCKER-KAPPE &#8211; SCHWARZ"},"content":{"rendered":"<p>STCBL TRUCKER-KAPPE SCHWARZ<br \/>\nLeichte Kopfbedeckung zum Schutz vor Sonne, drinnen oder draussen am Arbeitsplatz;Ripstop-Polyester im vorderen Bereich bietet h\u00f6here Haltbarkeit und Robustheit;Atmungsaktives Netzmaterial f\u00fcr optimale Bel\u00fcftung;Snapback-Verstellmechanismus passt sich allen Kopfgr\u00f6ssen an<\/p>\n<p>4932493107<br \/>\n4058546479787<\/p>\n","protected":false},"excerpt":{"rendered":"<p>STCBL TRUCKER-KAPPE SCHWARZ<\/p>\n","protected":false},"featured_media":560415,"template":"","meta":{"_seopress_robots_primary_cat":"","_seopress_titles_title":"","_seopress_titles_desc":"","_seopress_robots_index":""},"product_brand":[3656],"product_cat":[5529,150],"product_tag":[3272],"class_list":{"0":"post-832114","1":"product","2":"type-product","3":"status-publish","4":"has-post-thumbnail","6":"product_brand-milwaukee-de","7":"product_cat-workshop-tools","8":"product_cat-ausrustung","9":"product_tag-import-milwau-de","10":"sws-conto-ricavi-merci-rivendita-macchinari-de","11":"sws-gruppo-iva-iva81-de","13":"first","14":"onbackorder","15":"sale","16":"shipping-taxable","17":"purchasable","18":"product-type-simple"},"_links":{"self":[{"href":"https:\/\/lucacastelli.com\/de\/wp-json\/wp\/v2\/product\/832114","targetHints":{"allow":["GET"]}}],"collection":[{"href":"https:\/\/lucacastelli.com\/de\/wp-json\/wp\/v2\/product"}],"about":[{"href":"https:\/\/lucacastelli.com\/de\/wp-json\/wp\/v2\/types\/product"}],"wp:featuredmedia":[{"embeddable":true,"href":"https:\/\/lucacastelli.com\/de\/wp-json\/wp\/v2\/media\/560415"}],"wp:attachment":[{"href":"https:\/\/lucacastelli.com\/de\/wp-json\/wp\/v2\/media?parent=832114"}],"wp:term":[{"taxonomy":"product_brand","embeddable":true,"href":"https:\/\/lucacastelli.com\/de\/wp-json\/wp\/v2\/product_brand?post=832114"},{"taxonomy":"product_cat","embeddable":true,"href":"https:\/\/lucacastelli.com\/de\/wp-json\/wp\/v2\/product_cat?post=832114"},{"taxonomy":"product_tag","embeddable":true,"href":"https:\/\/lucacastelli.com\/de\/wp-json\/wp\/v2\/product_tag?post=832114"}],"curies":[{"name":"wp","href":"https:\/\/api.w.org\/{rel}","templated":true}]}}