{"id":832090,"date":"2025-08-07T20:02:48","date_gmt":"2025-08-07T18:02:48","guid":{"rendered":"https:\/\/lucacastelli.com\/prodotto\/milwaukee-1-2%cb%9d-schlagschrauber-steckschluesseleinsaetze-tx-profil\/"},"modified":"2025-08-07T20:02:48","modified_gmt":"2025-08-07T18:02:48","slug":"milwaukee-1-2%cb%9d-schlagschrauber-steckschluesseleinsaetze-tx-profil","status":"publish","type":"product","link":"https:\/\/lucacastelli.com\/de\/produkt\/milwaukee-1-2%cb%9d-schlagschrauber-steckschluesseleinsaetze-tx-profil\/","title":{"rendered":"MILWAUKEE 1\/2\u02dd Schlagschrauber-Steckschl\u00fcsseleins\u00e4tze TX-Profil"},"content":{"rendered":"<p>SCHLAGSCHRAUBER-STECKSCHL\u00dcSSELEINSATZ 1\/2 F\u00dcR TX50 1 Stk.<br \/>\nEinteiliges Design mit TX-Profil und 1\/2&#8243;-Vierkantaufnahme. Normen DIN 3121 \/ ISO 1174-2; Einsetzbar bei allen Anwendungen mit hohem Drehmoment, wird direkt auf die 1\/2&#8243;-Aufnahme des Schlagschraubers gesteckt <\/p>\n<p>4932478062<br \/>\n4058546339951<\/p>\n","protected":false},"excerpt":{"rendered":"<p>SCHLAGSCHRAUBER-STECKSCHL\u00dcSSELEINSATZ 1\/2 F\u00dcR TX50 1 Stk.<\/p>\n","protected":false},"featured_media":539839,"template":"","meta":{"_seopress_robots_primary_cat":"","_seopress_titles_title":"","_seopress_titles_desc":"","_seopress_robots_index":""},"product_brand":[3656],"product_cat":[5529,150],"product_tag":[3272],"class_list":{"0":"post-832090","1":"product","2":"type-product","3":"status-publish","4":"has-post-thumbnail","6":"product_brand-milwaukee-de","7":"product_cat-workshop-tools","8":"product_cat-ausrustung","9":"product_tag-import-milwau-de","10":"sws-conto-ricavi-merci-rivendita-macchinari-de","11":"sws-gruppo-iva-iva81-de","13":"first","14":"onbackorder","15":"sale","16":"shipping-taxable","17":"purchasable","18":"product-type-simple"},"_links":{"self":[{"href":"https:\/\/lucacastelli.com\/de\/wp-json\/wp\/v2\/product\/832090","targetHints":{"allow":["GET"]}}],"collection":[{"href":"https:\/\/lucacastelli.com\/de\/wp-json\/wp\/v2\/product"}],"about":[{"href":"https:\/\/lucacastelli.com\/de\/wp-json\/wp\/v2\/types\/product"}],"wp:featuredmedia":[{"embeddable":true,"href":"https:\/\/lucacastelli.com\/de\/wp-json\/wp\/v2\/media\/539839"}],"wp:attachment":[{"href":"https:\/\/lucacastelli.com\/de\/wp-json\/wp\/v2\/media?parent=832090"}],"wp:term":[{"taxonomy":"product_brand","embeddable":true,"href":"https:\/\/lucacastelli.com\/de\/wp-json\/wp\/v2\/product_brand?post=832090"},{"taxonomy":"product_cat","embeddable":true,"href":"https:\/\/lucacastelli.com\/de\/wp-json\/wp\/v2\/product_cat?post=832090"},{"taxonomy":"product_tag","embeddable":true,"href":"https:\/\/lucacastelli.com\/de\/wp-json\/wp\/v2\/product_tag?post=832090"}],"curies":[{"name":"wp","href":"https:\/\/api.w.org\/{rel}","templated":true}]}}