{"id":832039,"date":"2025-08-07T20:03:36","date_gmt":"2025-08-07T18:03:36","guid":{"rendered":"https:\/\/lucacastelli.com\/prodotto\/milwaukee-werkzeugwagen-mit-zwei-ablagen\/"},"modified":"2025-08-07T20:03:36","modified_gmt":"2025-08-07T18:03:36","slug":"milwaukee-werkzeugwagen-mit-zwei-ablagen","status":"publish","type":"product","link":"https:\/\/lucacastelli.com\/de\/produkt\/milwaukee-werkzeugwagen-mit-zwei-ablagen\/","title":{"rendered":"MILWAUKEE Werkzeugwagen mit zwei Ablagen"},"content":{"rendered":"<p>TOOLGUARD 40in Steel Work Cart EU<br \/>\nObere ausziehbare Ablage mit Soft-Close und 45 kg Tragkraft; Untere ausziehbare Ablage mit Soft-Close und 90 kg Tragkraft; Aufbewahrungsf\u00e4cher auf der Arbeitsfl\u00e4che; 2 herausnehmbare Becher, die umgedreht werden k\u00f6nnen, um eine gleitf\u00e4hige Oberfl\u00e4che zu schaffen, oder komplett entfernt werden k\u00f6nnen, um lange Werkzeuge vertikal aufzubewahren; Kanten mit V-Nut zum Fixieren von Materialien beim Schneiden oder Messen; Klappbare R\u00fcckwand mit 22 kg Tragkraft; 2 seitliche abnehmbare Flaschenhalter f\u00fcr Flaschen und Sprays; Gummi-Eckschutz verhindert Besch\u00e4digungen beim Verschieben des Wagens; Die magnetische Steckdosenleiste erm\u00f6glicht das Laden von Akkus direkt am Wagen; Industrierollen 125 mm (2 fest, 2 schwenkbar mit Bremse); Gesamttragkraft 315 kg<\/p>\n<p>4932478856<br \/>\n4058546361389<\/p>\n","protected":false},"excerpt":{"rendered":"<p>TOOLGUARD 40in Steel Work Cart EU<\/p>\n","protected":false},"featured_media":542111,"template":"","meta":{"_seopress_robots_primary_cat":"","_seopress_titles_title":"","_seopress_titles_desc":"","_seopress_robots_index":""},"product_brand":[3407],"product_cat":[5416,33],"product_tag":[3270],"class_list":{"0":"post-832039","1":"product","2":"type-product","3":"status-publish","4":"has-post-thumbnail","6":"product_brand-milwaukee","7":"product_cat-utensili-per-officina","8":"product_cat-attrezzature","9":"product_tag-import-milwau","10":"sws-conto-ricavi-merci-rivendita-macchinari-de","11":"sws-gruppo-iva-iva81-de","13":"first","14":"onbackorder","15":"sale","16":"shipping-taxable","17":"purchasable","18":"product-type-simple"},"_links":{"self":[{"href":"https:\/\/lucacastelli.com\/de\/wp-json\/wp\/v2\/product\/832039","targetHints":{"allow":["GET"]}}],"collection":[{"href":"https:\/\/lucacastelli.com\/de\/wp-json\/wp\/v2\/product"}],"about":[{"href":"https:\/\/lucacastelli.com\/de\/wp-json\/wp\/v2\/types\/product"}],"wp:featuredmedia":[{"embeddable":true,"href":"https:\/\/lucacastelli.com\/de\/wp-json\/wp\/v2\/media\/542111"}],"wp:attachment":[{"href":"https:\/\/lucacastelli.com\/de\/wp-json\/wp\/v2\/media?parent=832039"}],"wp:term":[{"taxonomy":"product_brand","embeddable":true,"href":"https:\/\/lucacastelli.com\/de\/wp-json\/wp\/v2\/product_brand?post=832039"},{"taxonomy":"product_cat","embeddable":true,"href":"https:\/\/lucacastelli.com\/de\/wp-json\/wp\/v2\/product_cat?post=832039"},{"taxonomy":"product_tag","embeddable":true,"href":"https:\/\/lucacastelli.com\/de\/wp-json\/wp\/v2\/product_tag?post=832039"}],"curies":[{"name":"wp","href":"https:\/\/api.w.org\/{rel}","templated":true}]}}