{"id":832028,"date":"2025-08-07T20:03:57","date_gmt":"2025-08-07T18:03:57","guid":{"rendered":"https:\/\/lucacastelli.com\/prodotto\/milwaukee-schleifpapier-std-80x133-mm-10l-k-60-10-stk\/"},"modified":"2025-08-07T20:03:57","modified_gmt":"2025-08-07T18:03:57","slug":"milwaukee-schleifpapier-std-80x133-mm-10l-k-60-10-stk","status":"publish","type":"product","link":"https:\/\/lucacastelli.com\/de\/produkt\/milwaukee-schleifpapier-std-80x133-mm-10l-k-60-10-stk\/","title":{"rendered":"MILWAUKEE SCHLEIFPAPIER STD 80&#215;133 mm\/10L K.60-10 Stk."},"content":{"rendered":"<p>SCHLEIFPAPIER STD 80&#215;133 mm\/10L K.60-10 Stk.<br \/>\nRobustes und widerstandsf\u00e4higes Korundpapier f\u00fcr Anwendungen auf Holz und Metall; guter Materialabtrag und gute Oberfl\u00e4chenvorbereitung<\/p>\n<p>4932492763<br \/>\n4058546476342<\/p>\n","protected":false},"excerpt":{"rendered":"<p>SCHLEIFPAPIER STD 80&#215;133 mm\/10L K.60-10 Stk.<\/p>\n","protected":false},"featured_media":558423,"template":"","meta":{"_seopress_robots_primary_cat":"","_seopress_titles_title":"","_seopress_titles_desc":"","_seopress_robots_index":""},"product_brand":[3407],"product_cat":[5416,33],"product_tag":[3270],"class_list":{"0":"post-832028","1":"product","2":"type-product","3":"status-publish","4":"has-post-thumbnail","6":"product_brand-milwaukee","7":"product_cat-utensili-per-officina","8":"product_cat-attrezzature","9":"product_tag-import-milwau","10":"sws-conto-ricavi-merci-rivendita-macchinari-de","11":"sws-gruppo-iva-iva81-de","13":"first","14":"onbackorder","15":"sale","16":"shipping-taxable","17":"purchasable","18":"product-type-simple"},"_links":{"self":[{"href":"https:\/\/lucacastelli.com\/de\/wp-json\/wp\/v2\/product\/832028","targetHints":{"allow":["GET"]}}],"collection":[{"href":"https:\/\/lucacastelli.com\/de\/wp-json\/wp\/v2\/product"}],"about":[{"href":"https:\/\/lucacastelli.com\/de\/wp-json\/wp\/v2\/types\/product"}],"wp:featuredmedia":[{"embeddable":true,"href":"https:\/\/lucacastelli.com\/de\/wp-json\/wp\/v2\/media\/558423"}],"wp:attachment":[{"href":"https:\/\/lucacastelli.com\/de\/wp-json\/wp\/v2\/media?parent=832028"}],"wp:term":[{"taxonomy":"product_brand","embeddable":true,"href":"https:\/\/lucacastelli.com\/de\/wp-json\/wp\/v2\/product_brand?post=832028"},{"taxonomy":"product_cat","embeddable":true,"href":"https:\/\/lucacastelli.com\/de\/wp-json\/wp\/v2\/product_cat?post=832028"},{"taxonomy":"product_tag","embeddable":true,"href":"https:\/\/lucacastelli.com\/de\/wp-json\/wp\/v2\/product_tag?post=832028"}],"curies":[{"name":"wp","href":"https:\/\/api.w.org\/{rel}","templated":true}]}}