{"id":832015,"date":"2025-08-07T20:04:00","date_gmt":"2025-08-07T18:04:00","guid":{"rendered":"https:\/\/lucacastelli.com\/prodotto\/milwaukee-cart-abr-std-93x185-mm-8-loecher-k-180-10-stk\/"},"modified":"2025-08-07T20:04:00","modified_gmt":"2025-08-07T18:04:00","slug":"milwaukee-cart-abr-std-93x185-mm-8-loecher-k-180-10-stk","status":"publish","type":"product","link":"https:\/\/lucacastelli.com\/de\/produkt\/milwaukee-cart-abr-std-93x185-mm-8-loecher-k-180-10-stk\/","title":{"rendered":"MILWAUKEE CART ABR STD 93&#215;185 mm\/8 L\u00d6CHER K.180-10 Stk."},"content":{"rendered":"<p>CART ABR STD 93&#215;185 mm\/8 L\u00d6CHER K.180-10 Stk.<br \/>\nRobustes und widerstandsf\u00e4higes Korundpapier f\u00fcr Anwendungen auf Holz und Metall; guter Materialabtrag und gute Oberfl\u00e4chenvorbereitung<\/p>\n<p>4932492261<br \/>\n4058546416287<\/p>\n","protected":false},"excerpt":{"rendered":"<p>CART ABR STD 93&#215;185 mm\/8 L\u00d6CHER K.180-10 Stk.<\/p>\n","protected":false},"featured_media":555601,"template":"","meta":{"_seopress_robots_primary_cat":"","_seopress_titles_title":"","_seopress_titles_desc":"","_seopress_robots_index":""},"product_brand":[3407],"product_cat":[5416,33],"product_tag":[3270],"class_list":{"0":"post-832015","1":"product","2":"type-product","3":"status-publish","4":"has-post-thumbnail","6":"product_brand-milwaukee","7":"product_cat-utensili-per-officina","8":"product_cat-attrezzature","9":"product_tag-import-milwau","10":"sws-conto-ricavi-merci-rivendita-macchinari-de","11":"sws-gruppo-iva-iva81-de","13":"first","14":"onbackorder","15":"sale","16":"shipping-taxable","17":"purchasable","18":"product-type-simple"},"_links":{"self":[{"href":"https:\/\/lucacastelli.com\/de\/wp-json\/wp\/v2\/product\/832015","targetHints":{"allow":["GET"]}}],"collection":[{"href":"https:\/\/lucacastelli.com\/de\/wp-json\/wp\/v2\/product"}],"about":[{"href":"https:\/\/lucacastelli.com\/de\/wp-json\/wp\/v2\/types\/product"}],"wp:featuredmedia":[{"embeddable":true,"href":"https:\/\/lucacastelli.com\/de\/wp-json\/wp\/v2\/media\/555601"}],"wp:attachment":[{"href":"https:\/\/lucacastelli.com\/de\/wp-json\/wp\/v2\/media?parent=832015"}],"wp:term":[{"taxonomy":"product_brand","embeddable":true,"href":"https:\/\/lucacastelli.com\/de\/wp-json\/wp\/v2\/product_brand?post=832015"},{"taxonomy":"product_cat","embeddable":true,"href":"https:\/\/lucacastelli.com\/de\/wp-json\/wp\/v2\/product_cat?post=832015"},{"taxonomy":"product_tag","embeddable":true,"href":"https:\/\/lucacastelli.com\/de\/wp-json\/wp\/v2\/product_tag?post=832015"}],"curies":[{"name":"wp","href":"https:\/\/api.w.org\/{rel}","templated":true}]}}