{"id":831982,"date":"2025-08-07T15:29:38","date_gmt":"2025-08-07T13:29:38","guid":{"rendered":"https:\/\/lucacastelli.com\/prodotto\/milwaukee-seitenhalterung-6\/"},"modified":"2025-08-07T15:29:38","modified_gmt":"2025-08-07T13:29:38","slug":"milwaukee-seitenhalterung-6","status":"publish","type":"product","link":"https:\/\/lucacastelli.com\/de\/produkt\/milwaukee-seitenhalterung-6\/","title":{"rendered":"MILWAUKEE Seitenhalterung"},"content":{"rendered":"<p>PACKOUT 3 SEITENHAKEN<br \/>\nZur Montage an den Seiten der PACKOUT\u2122-T\u00fcrme, um die Aufbewahrungsm\u00f6glichkeiten f\u00fcr Zubeh\u00f6r und Werkzeuge zu erweitern;Zum Aufbewahren von Elektrowerkzeugen mit D-Griff;Schlagfestes Material;Teil des modularen PACKOUT\u2122-Aufbewahrungssystems<\/p>\n<p>4932498650<br \/>\n4058546525194<\/p>\n","protected":false},"excerpt":{"rendered":"<p>PACKOUT 3 SEITENHAKEN<\/p>\n","protected":false},"featured_media":589490,"template":"","meta":{"_seopress_robots_primary_cat":"","_seopress_titles_title":"","_seopress_titles_desc":"","_seopress_robots_index":""},"product_brand":[3407],"product_cat":[5416,33],"product_tag":[3270],"class_list":{"0":"post-831982","1":"product","2":"type-product","3":"status-publish","4":"has-post-thumbnail","6":"product_brand-milwaukee","7":"product_cat-utensili-per-officina","8":"product_cat-attrezzature","9":"product_tag-import-milwau","10":"sws-conto-ricavi-merci-rivendita-macchinari-de","11":"sws-gruppo-iva-iva81-de","13":"first","14":"onbackorder","15":"sale","16":"shipping-taxable","17":"purchasable","18":"product-type-simple"},"_links":{"self":[{"href":"https:\/\/lucacastelli.com\/de\/wp-json\/wp\/v2\/product\/831982","targetHints":{"allow":["GET"]}}],"collection":[{"href":"https:\/\/lucacastelli.com\/de\/wp-json\/wp\/v2\/product"}],"about":[{"href":"https:\/\/lucacastelli.com\/de\/wp-json\/wp\/v2\/types\/product"}],"wp:featuredmedia":[{"embeddable":true,"href":"https:\/\/lucacastelli.com\/de\/wp-json\/wp\/v2\/media\/589490"}],"wp:attachment":[{"href":"https:\/\/lucacastelli.com\/de\/wp-json\/wp\/v2\/media?parent=831982"}],"wp:term":[{"taxonomy":"product_brand","embeddable":true,"href":"https:\/\/lucacastelli.com\/de\/wp-json\/wp\/v2\/product_brand?post=831982"},{"taxonomy":"product_cat","embeddable":true,"href":"https:\/\/lucacastelli.com\/de\/wp-json\/wp\/v2\/product_cat?post=831982"},{"taxonomy":"product_tag","embeddable":true,"href":"https:\/\/lucacastelli.com\/de\/wp-json\/wp\/v2\/product_tag?post=831982"}],"curies":[{"name":"wp","href":"https:\/\/api.w.org\/{rel}","templated":true}]}}