{"id":831967,"date":"2025-08-07T20:12:47","date_gmt":"2025-08-07T18:12:47","guid":{"rendered":"https:\/\/lucacastelli.com\/prodotto\/milwaukee-high-performance-schleifpapier-fuer-exzenterschleifer-%e2%8c%80125-150-mm-19\/"},"modified":"2025-08-07T20:12:47","modified_gmt":"2025-08-07T18:12:47","slug":"milwaukee-high-performance-schleifpapier-fuer-exzenterschleifer-%e2%8c%80125-150-mm-19","status":"publish","type":"product","link":"https:\/\/lucacastelli.com\/de\/produkt\/milwaukee-high-performance-schleifpapier-fuer-exzenterschleifer-%e2%8c%80125-150-mm-19\/","title":{"rendered":"MILWAUKEE HIGH PERFORMANCE Schleifpapier f\u00fcr Exzenterschleifer \u2300125 &amp; 150 mm"},"content":{"rendered":"<p>SCHLEIFSCHEIBE HP 150 MM\/6 L\u00d6CHER K.120 &#8211; 50 Stk.<br \/>\nFlexibler Papiertr\u00e4ger mit Aluminiumoxid und Stearatbeschichtung, verhindert Verstopfung;Beschichtung der Schleifk\u00f6rner mit Anti-Verstopfungsfilm f\u00fcr schnelleren Materialabtrag und h\u00f6here Produktivit\u00e4t;2-fach l\u00e4ngere Lebensdauer im Vergleich zu Standardpapier;Geeignet f\u00fcr alle Holzarten, Lack, Putz und Spachtelmasse<\/p>\n<p>4932492235<br \/>\n4058546416027<\/p>\n","protected":false},"excerpt":{"rendered":"<p>SCHLEIFSCHEIBE HP 150 MM\/6 L\u00d6CHER K.120 &#8211; 50 Stk.<\/p>\n","protected":false},"featured_media":555485,"template":"","meta":{"_seopress_robots_primary_cat":"","_seopress_titles_title":"","_seopress_titles_desc":"","_seopress_robots_index":""},"product_brand":[3407],"product_cat":[5416,33],"product_tag":[3270],"class_list":{"0":"post-831967","1":"product","2":"type-product","3":"status-publish","4":"has-post-thumbnail","6":"product_brand-milwaukee","7":"product_cat-utensili-per-officina","8":"product_cat-attrezzature","9":"product_tag-import-milwau","10":"sws-conto-ricavi-merci-rivendita-macchinari-de","11":"sws-gruppo-iva-iva81-de","13":"first","14":"onbackorder","15":"sale","16":"shipping-taxable","17":"purchasable","18":"product-type-simple"},"_links":{"self":[{"href":"https:\/\/lucacastelli.com\/de\/wp-json\/wp\/v2\/product\/831967","targetHints":{"allow":["GET"]}}],"collection":[{"href":"https:\/\/lucacastelli.com\/de\/wp-json\/wp\/v2\/product"}],"about":[{"href":"https:\/\/lucacastelli.com\/de\/wp-json\/wp\/v2\/types\/product"}],"wp:featuredmedia":[{"embeddable":true,"href":"https:\/\/lucacastelli.com\/de\/wp-json\/wp\/v2\/media\/555485"}],"wp:attachment":[{"href":"https:\/\/lucacastelli.com\/de\/wp-json\/wp\/v2\/media?parent=831967"}],"wp:term":[{"taxonomy":"product_brand","embeddable":true,"href":"https:\/\/lucacastelli.com\/de\/wp-json\/wp\/v2\/product_brand?post=831967"},{"taxonomy":"product_cat","embeddable":true,"href":"https:\/\/lucacastelli.com\/de\/wp-json\/wp\/v2\/product_cat?post=831967"},{"taxonomy":"product_tag","embeddable":true,"href":"https:\/\/lucacastelli.com\/de\/wp-json\/wp\/v2\/product_tag?post=831967"}],"curies":[{"name":"wp","href":"https:\/\/api.w.org\/{rel}","templated":true}]}}