{"id":831945,"date":"2025-08-07T20:03:39","date_gmt":"2025-08-07T18:03:39","guid":{"rendered":"https:\/\/lucacastelli.com\/prodotto\/milwaukee-schleifpapier-std-115x230-mm-14-loecher-k240-10-stk\/"},"modified":"2025-08-07T20:03:39","modified_gmt":"2025-08-07T18:03:39","slug":"milwaukee-schleifpapier-std-115x230-mm-14-loecher-k240-10-stk","status":"publish","type":"product","link":"https:\/\/lucacastelli.com\/de\/produkt\/milwaukee-schleifpapier-std-115x230-mm-14-loecher-k240-10-stk\/","title":{"rendered":"MILWAUKEE SCHLEIFPAPIER STD 115&#215;230 mm\/14 L\u00d6CHER K240-10 Stk."},"content":{"rendered":"<p>SCHLEIFPAPIER STD 115&#215;230 mm\/14 L\u00d6CHER K240-10 Stk.<br \/>\nRobustes und widerstandsf\u00e4higes Korund-Schleifpapier f\u00fcr Anwendungen auf Holz und Metall; guter Materialabtrag und gute Oberfl\u00e4chenvorbereitung<\/p>\n<p>4932492268<br \/>\n4058546416355<\/p>\n","protected":false},"excerpt":{"rendered":"<p>SCHLEIFPAPIER STD 115&#215;230 mm\/14 L\u00d6CHER K240-10 Stk.<\/p>\n","protected":false},"featured_media":555632,"template":"","meta":{"_seopress_robots_primary_cat":"","_seopress_titles_title":"","_seopress_titles_desc":"","_seopress_robots_index":""},"product_brand":[3407],"product_cat":[5416,33],"product_tag":[3270],"class_list":{"0":"post-831945","1":"product","2":"type-product","3":"status-publish","4":"has-post-thumbnail","6":"product_brand-milwaukee","7":"product_cat-utensili-per-officina","8":"product_cat-attrezzature","9":"product_tag-import-milwau","10":"sws-conto-ricavi-merci-rivendita-macchinari-de","11":"sws-gruppo-iva-iva81-de","13":"first","14":"onbackorder","15":"sale","16":"shipping-taxable","17":"purchasable","18":"product-type-simple"},"_links":{"self":[{"href":"https:\/\/lucacastelli.com\/de\/wp-json\/wp\/v2\/product\/831945","targetHints":{"allow":["GET"]}}],"collection":[{"href":"https:\/\/lucacastelli.com\/de\/wp-json\/wp\/v2\/product"}],"about":[{"href":"https:\/\/lucacastelli.com\/de\/wp-json\/wp\/v2\/types\/product"}],"wp:featuredmedia":[{"embeddable":true,"href":"https:\/\/lucacastelli.com\/de\/wp-json\/wp\/v2\/media\/555632"}],"wp:attachment":[{"href":"https:\/\/lucacastelli.com\/de\/wp-json\/wp\/v2\/media?parent=831945"}],"wp:term":[{"taxonomy":"product_brand","embeddable":true,"href":"https:\/\/lucacastelli.com\/de\/wp-json\/wp\/v2\/product_brand?post=831945"},{"taxonomy":"product_cat","embeddable":true,"href":"https:\/\/lucacastelli.com\/de\/wp-json\/wp\/v2\/product_cat?post=831945"},{"taxonomy":"product_tag","embeddable":true,"href":"https:\/\/lucacastelli.com\/de\/wp-json\/wp\/v2\/product_tag?post=831945"}],"curies":[{"name":"wp","href":"https:\/\/api.w.org\/{rel}","templated":true}]}}