{"id":831938,"date":"2025-08-07T15:56:24","date_gmt":"2025-08-07T13:56:24","guid":{"rendered":"https:\/\/lucacastelli.com\/prodotto\/milwaukee-performance-kappe-2\/"},"modified":"2025-08-07T15:56:24","modified_gmt":"2025-08-07T13:56:24","slug":"milwaukee-performance-kappe-2","status":"publish","type":"product","link":"https:\/\/lucacastelli.com\/de\/produkt\/milwaukee-performance-kappe-2\/","title":{"rendered":"MILWAUKEE PERFORMANCE-KAPPE"},"content":{"rendered":"<p>BCPGR-S\/M PERFORMANCE-KAPPE GRAU-WEISS<br \/>\nLeicht f\u00fcr Sonnenschutz, drinnen oder draussen am Arbeitsplatz;Bleiben Sie k\u00fchl, das Gewebe trocknet schnell und leitet Feuchtigkeit ab;Schutz vor sch\u00e4dlichen UV-Strahlen UPF 50+ gem\u00e4ss EN 13758-1 <\/p>\n<p>4932493101<br \/>\n4058546479725<\/p>\n","protected":false},"excerpt":{"rendered":"<p>BCPGR-S\/M PERFORMANCE-KAPPE GRAU-WEISS <\/p>\n","protected":false},"featured_media":560301,"template":"","meta":{"_seopress_robots_primary_cat":"","_seopress_titles_title":"","_seopress_titles_desc":"","_seopress_robots_index":""},"product_brand":[3407],"product_cat":[5416,33],"product_tag":[3270],"class_list":{"0":"post-831938","1":"product","2":"type-product","3":"status-publish","4":"has-post-thumbnail","6":"product_brand-milwaukee","7":"product_cat-utensili-per-officina","8":"product_cat-attrezzature","9":"product_tag-import-milwau","10":"sws-conto-ricavi-merci-rivendita-macchinari-de","11":"sws-gruppo-iva-iva81-de","13":"first","14":"onbackorder","15":"sale","16":"shipping-taxable","17":"purchasable","18":"product-type-simple"},"_links":{"self":[{"href":"https:\/\/lucacastelli.com\/de\/wp-json\/wp\/v2\/product\/831938","targetHints":{"allow":["GET"]}}],"collection":[{"href":"https:\/\/lucacastelli.com\/de\/wp-json\/wp\/v2\/product"}],"about":[{"href":"https:\/\/lucacastelli.com\/de\/wp-json\/wp\/v2\/types\/product"}],"wp:featuredmedia":[{"embeddable":true,"href":"https:\/\/lucacastelli.com\/de\/wp-json\/wp\/v2\/media\/560301"}],"wp:attachment":[{"href":"https:\/\/lucacastelli.com\/de\/wp-json\/wp\/v2\/media?parent=831938"}],"wp:term":[{"taxonomy":"product_brand","embeddable":true,"href":"https:\/\/lucacastelli.com\/de\/wp-json\/wp\/v2\/product_brand?post=831938"},{"taxonomy":"product_cat","embeddable":true,"href":"https:\/\/lucacastelli.com\/de\/wp-json\/wp\/v2\/product_cat?post=831938"},{"taxonomy":"product_tag","embeddable":true,"href":"https:\/\/lucacastelli.com\/de\/wp-json\/wp\/v2\/product_tag?post=831938"}],"curies":[{"name":"wp","href":"https:\/\/api.w.org\/{rel}","templated":true}]}}