{"id":831906,"date":"2025-08-07T20:03:37","date_gmt":"2025-08-07T18:03:37","guid":{"rendered":"https:\/\/lucacastelli.com\/prodotto\/milwaukee-werkstattwagen-mit-7-schubladen\/"},"modified":"2025-08-07T20:03:37","modified_gmt":"2025-08-07T18:03:37","slug":"milwaukee-werkstattwagen-mit-7-schubladen","status":"publish","type":"product","link":"https:\/\/lucacastelli.com\/de\/produkt\/milwaukee-werkstattwagen-mit-7-schubladen\/","title":{"rendered":"MILWAUKEE Werkstattwagen mit 7 Schubladen"},"content":{"rendered":"<p>TOOLGUARD 30&#8243; Stahl-Rollschrank EU<br \/>\n45 kg leichtg\u00e4ngige Schubladen mit Soft-Close; 90 kg schwere untere Schublade; Einzelschubladensperre verhindert das Kippen; Jede Schublade mit Antirutschmatte; ABS-Arbeitsplatte mit Schraubendreherl\u00f6chern und Ablagef\u00e4chern; ABS-Eckschutz verhindert Sch\u00e4den beim Man\u00f6vrieren; Magnetische Steckerleiste zum Laden von Akkus direkt am Wagen; Seitliche Lochwand f\u00fcr h\u00e4ufig genutzte Werkzeuge; Seitliche Halter f\u00fcr Flaschen und Dosen; Elektrowerkzeug-Organizer in der unteren Schublade; 125 mm Industrier\u00e4der (2 Bockrollen, 2 Lenkrollen mit Feststellbremse); Gesamtbelastbarkeit von 800 kg<\/p>\n<p>4932478849<br \/>\n4058546361310<\/p>\n","protected":false},"excerpt":{"rendered":"<p>TOOLGUARD 30&#8243; Stahl-Rollschrank EU<\/p>\n","protected":false},"featured_media":541999,"template":"","meta":{"_seopress_robots_primary_cat":"","_seopress_titles_title":"","_seopress_titles_desc":"","_seopress_robots_index":""},"product_brand":[3407],"product_cat":[5416,33],"product_tag":[3270],"class_list":{"0":"post-831906","1":"product","2":"type-product","3":"status-publish","4":"has-post-thumbnail","6":"product_brand-milwaukee","7":"product_cat-utensili-per-officina","8":"product_cat-attrezzature","9":"product_tag-import-milwau","10":"sws-conto-ricavi-merci-rivendita-macchinari-de","11":"sws-gruppo-iva-iva81-de","13":"first","14":"onbackorder","15":"sale","16":"shipping-taxable","17":"purchasable","18":"product-type-simple"},"_links":{"self":[{"href":"https:\/\/lucacastelli.com\/de\/wp-json\/wp\/v2\/product\/831906","targetHints":{"allow":["GET"]}}],"collection":[{"href":"https:\/\/lucacastelli.com\/de\/wp-json\/wp\/v2\/product"}],"about":[{"href":"https:\/\/lucacastelli.com\/de\/wp-json\/wp\/v2\/types\/product"}],"wp:featuredmedia":[{"embeddable":true,"href":"https:\/\/lucacastelli.com\/de\/wp-json\/wp\/v2\/media\/541999"}],"wp:attachment":[{"href":"https:\/\/lucacastelli.com\/de\/wp-json\/wp\/v2\/media?parent=831906"}],"wp:term":[{"taxonomy":"product_brand","embeddable":true,"href":"https:\/\/lucacastelli.com\/de\/wp-json\/wp\/v2\/product_brand?post=831906"},{"taxonomy":"product_cat","embeddable":true,"href":"https:\/\/lucacastelli.com\/de\/wp-json\/wp\/v2\/product_cat?post=831906"},{"taxonomy":"product_tag","embeddable":true,"href":"https:\/\/lucacastelli.com\/de\/wp-json\/wp\/v2\/product_tag?post=831906"}],"curies":[{"name":"wp","href":"https:\/\/api.w.org\/{rel}","templated":true}]}}