{"id":831900,"date":"2025-08-07T20:03:38","date_gmt":"2025-08-07T18:03:38","guid":{"rendered":"https:\/\/lucacastelli.com\/prodotto\/milwaukee-werkzeugwagen-mit-10-schubladen\/"},"modified":"2025-08-07T20:03:38","modified_gmt":"2025-08-07T18:03:38","slug":"milwaukee-werkzeugwagen-mit-10-schubladen","status":"publish","type":"product","link":"https:\/\/lucacastelli.com\/de\/produkt\/milwaukee-werkzeugwagen-mit-10-schubladen\/","title":{"rendered":"MILWAUKEE Werkzeugwagen mit 10 Schubladen"},"content":{"rendered":"<p>TOOLGUARD 46in Steel Cabinet EU<br \/>\n45 kg Schubladen mit Soft-Close-Funktion;90 kg untere Schublade;Jede Schublade ist mit einer rutschfesten Matte ausgestattet;Gummi-Ecksch\u00fctzer verhindern Besch\u00e4digungen beim Verschieben des Wagens;Die magnetische Steckdosenleiste erm\u00f6glicht das Laden der Akkus direkt am Wagen;Klappbares Seitenfach f\u00fcr Flaschen und Dosen;Integrierter Flaschen\u00f6ffner;Organizer f\u00fcr Elektrowerkzeuge in der unteren Schublade integriert;150 mm Industrierollen (2 fest, 2 schwenkbar mit Bremse);Gesamttragf\u00e4higkeit von 1360 kg<\/p>\n<p>4932478852<br \/>\n4058546361341<\/p>\n","protected":false},"excerpt":{"rendered":"<p>TOOLGUARD 46in Steel Cabinet EU<\/p>\n","protected":false},"featured_media":542077,"template":"","meta":{"_seopress_robots_primary_cat":"","_seopress_titles_title":"","_seopress_titles_desc":"","_seopress_robots_index":""},"product_brand":[3407],"product_cat":[5416,33],"product_tag":[3270],"class_list":{"0":"post-831900","1":"product","2":"type-product","3":"status-publish","4":"has-post-thumbnail","6":"product_brand-milwaukee","7":"product_cat-utensili-per-officina","8":"product_cat-attrezzature","9":"product_tag-import-milwau","10":"sws-conto-ricavi-merci-rivendita-macchinari-de","11":"sws-gruppo-iva-iva81-de","13":"first","14":"onbackorder","15":"sale","16":"shipping-taxable","17":"purchasable","18":"product-type-simple"},"_links":{"self":[{"href":"https:\/\/lucacastelli.com\/de\/wp-json\/wp\/v2\/product\/831900","targetHints":{"allow":["GET"]}}],"collection":[{"href":"https:\/\/lucacastelli.com\/de\/wp-json\/wp\/v2\/product"}],"about":[{"href":"https:\/\/lucacastelli.com\/de\/wp-json\/wp\/v2\/types\/product"}],"wp:featuredmedia":[{"embeddable":true,"href":"https:\/\/lucacastelli.com\/de\/wp-json\/wp\/v2\/media\/542077"}],"wp:attachment":[{"href":"https:\/\/lucacastelli.com\/de\/wp-json\/wp\/v2\/media?parent=831900"}],"wp:term":[{"taxonomy":"product_brand","embeddable":true,"href":"https:\/\/lucacastelli.com\/de\/wp-json\/wp\/v2\/product_brand?post=831900"},{"taxonomy":"product_cat","embeddable":true,"href":"https:\/\/lucacastelli.com\/de\/wp-json\/wp\/v2\/product_cat?post=831900"},{"taxonomy":"product_tag","embeddable":true,"href":"https:\/\/lucacastelli.com\/de\/wp-json\/wp\/v2\/product_tag?post=831900"}],"curies":[{"name":"wp","href":"https:\/\/api.w.org\/{rel}","templated":true}]}}