{"id":831836,"date":"2025-07-12T17:53:12","date_gmt":"2025-07-12T15:53:12","guid":{"rendered":"https:\/\/lucacastelli.com\/prodotto\/milwaukee-lanzenschaber\/"},"modified":"2025-07-12T17:53:12","modified_gmt":"2025-07-12T15:53:12","slug":"milwaukee-lanzenschaber","status":"publish","type":"product","link":"https:\/\/lucacastelli.com\/de\/produkt\/milwaukee-lanzenschaber\/","title":{"rendered":"MILWAUKEE Lanzenschaber"},"content":{"rendered":"<p>Kugelfr\u00e4ser f\u00fcr sehr enge \u00d6ffnungen zum Einsatz in Rohren mit starker Krustenbildung, z. B. Kalk; Spiraldurchmesser 16 mm<\/p>\n","protected":false},"excerpt":{"rendered":"<p>Kugelfr\u00e4ser f\u00fcr sehr enge \u00d6ffnungen zum Einsatz in Rohren mit starker Krustenbildung, z. B. Kalk; Spiraldurchmesser 16 mm<\/p>\n","protected":false},"featured_media":484668,"template":"","meta":{"_seopress_robots_primary_cat":"","_seopress_titles_title":"","_seopress_titles_desc":"","_seopress_robots_index":""},"product_brand":[3656],"product_cat":[169,1535],"product_tag":[3272],"class_list":{"0":"post-831836","1":"product","2":"type-product","3":"status-publish","4":"has-post-thumbnail","6":"product_brand-milwaukee-de","7":"product_cat-maschinen","8":"product_cat-sagen","9":"product_tag-import-milwau-de","10":"sws-gruppo-macchinari-de","11":"sws-conto-ricavi-merci-rivendita-macchinari-de","12":"sws-gruppo-iva-iva81-de","14":"first","15":"instock","16":"sale","17":"shipping-taxable","18":"purchasable","19":"product-type-simple"},"_links":{"self":[{"href":"https:\/\/lucacastelli.com\/de\/wp-json\/wp\/v2\/product\/831836","targetHints":{"allow":["GET"]}}],"collection":[{"href":"https:\/\/lucacastelli.com\/de\/wp-json\/wp\/v2\/product"}],"about":[{"href":"https:\/\/lucacastelli.com\/de\/wp-json\/wp\/v2\/types\/product"}],"wp:featuredmedia":[{"embeddable":true,"href":"https:\/\/lucacastelli.com\/de\/wp-json\/wp\/v2\/media\/484668"}],"wp:attachment":[{"href":"https:\/\/lucacastelli.com\/de\/wp-json\/wp\/v2\/media?parent=831836"}],"wp:term":[{"taxonomy":"product_brand","embeddable":true,"href":"https:\/\/lucacastelli.com\/de\/wp-json\/wp\/v2\/product_brand?post=831836"},{"taxonomy":"product_cat","embeddable":true,"href":"https:\/\/lucacastelli.com\/de\/wp-json\/wp\/v2\/product_cat?post=831836"},{"taxonomy":"product_tag","embeddable":true,"href":"https:\/\/lucacastelli.com\/de\/wp-json\/wp\/v2\/product_tag?post=831836"}],"curies":[{"name":"wp","href":"https:\/\/api.w.org\/{rel}","templated":true}]}}