{"id":831802,"date":"2025-07-12T17:53:16","date_gmt":"2025-07-12T15:53:16","guid":{"rendered":"https:\/\/lucacastelli.com\/prodotto\/milwaukee-trichterbohrer\/"},"modified":"2025-07-12T17:53:16","modified_gmt":"2025-07-12T15:53:16","slug":"milwaukee-trichterbohrer","status":"publish","type":"product","link":"https:\/\/lucacastelli.com\/de\/produkt\/milwaukee-trichterbohrer\/","title":{"rendered":"MILWAUKEE Trichterbohrer"},"content":{"rendered":"<p>TRICHTERBOHRER F\u00dcR KABEL 22 MM<br \/>\nTrichterr\u00e4umer f\u00fcr Textil- und Papierverstopfungen, vorteilhaft f\u00fcr Rohre mit gro\u00dfem Durchmesser<\/p>\n<p>Mittlerer Trichterbohrer f\u00fcr Kabel 22 mm<br \/>\n4058546323479<\/p>\n","protected":false},"excerpt":{"rendered":"<p>TRICHTERBOHRER F\u00dcR KABEL 22 MM Trichterr\u00e4umer f\u00fcr Textil- und Papierverstopfungen, vorteilhaft f\u00fcr Rohre mit gro\u00dfem Durchmesser Mittlerer Trichterbohrer f\u00fcr Kabel<\/p>\n","protected":false},"featured_media":484688,"template":"","meta":{"_seopress_robots_primary_cat":"","_seopress_titles_title":"","_seopress_titles_desc":"","_seopress_robots_index":""},"product_brand":[3407],"product_cat":[29,558],"product_tag":[6834],"class_list":{"0":"post-831802","1":"product","2":"type-product","3":"status-publish","4":"has-post-thumbnail","6":"product_brand-milwaukee","7":"product_cat-macchinari","8":"product_cat-seghe-accessori-vari","9":"product_tag-imp-26-mw_update","10":"sws-gruppo-macchinari-de","11":"sws-conto-ricavi-merci-rivendita-macchinari-de","12":"sws-gruppo-iva-iva81-de","14":"first","15":"instock","16":"sale","17":"shipping-taxable","18":"purchasable","19":"product-type-simple"},"_links":{"self":[{"href":"https:\/\/lucacastelli.com\/de\/wp-json\/wp\/v2\/product\/831802","targetHints":{"allow":["GET"]}}],"collection":[{"href":"https:\/\/lucacastelli.com\/de\/wp-json\/wp\/v2\/product"}],"about":[{"href":"https:\/\/lucacastelli.com\/de\/wp-json\/wp\/v2\/types\/product"}],"wp:featuredmedia":[{"embeddable":true,"href":"https:\/\/lucacastelli.com\/de\/wp-json\/wp\/v2\/media\/484688"}],"wp:attachment":[{"href":"https:\/\/lucacastelli.com\/de\/wp-json\/wp\/v2\/media?parent=831802"}],"wp:term":[{"taxonomy":"product_brand","embeddable":true,"href":"https:\/\/lucacastelli.com\/de\/wp-json\/wp\/v2\/product_brand?post=831802"},{"taxonomy":"product_cat","embeddable":true,"href":"https:\/\/lucacastelli.com\/de\/wp-json\/wp\/v2\/product_cat?post=831802"},{"taxonomy":"product_tag","embeddable":true,"href":"https:\/\/lucacastelli.com\/de\/wp-json\/wp\/v2\/product_tag?post=831802"}],"curies":[{"name":"wp","href":"https:\/\/api.w.org\/{rel}","templated":true}]}}