{"id":831724,"date":"2025-08-07T20:13:19","date_gmt":"2025-08-07T18:13:19","guid":{"rendered":"https:\/\/lucacastelli.com\/prodotto\/milwaukee-high-performance-schleifpapier-fuer-exzenterschleifer-%e2%8c%80125-150-mm-5\/"},"modified":"2025-08-07T20:13:19","modified_gmt":"2025-08-07T18:13:19","slug":"milwaukee-high-performance-schleifpapier-fuer-exzenterschleifer-%e2%8c%80125-150-mm-5","status":"publish","type":"product","link":"https:\/\/lucacastelli.com\/de\/produkt\/milwaukee-high-performance-schleifpapier-fuer-exzenterschleifer-%e2%8c%80125-150-mm-5\/","title":{"rendered":"MILWAUKEE HIGH PERFORMANCE Schleifpapier f\u00fcr Exzenterschleifer \u2300125 &amp; 150 mm"},"content":{"rendered":"<p>SCHLEIFSCHEIBE HP 150 mm\/6 L\u00d6CHER K.60 &#8211; 50 Stk.<br \/>\nFlexible Papierunterlage mit Aluminiumoxid und Stearat-Beschichtung, verhindert Zusetzen;Schleifkornbeschichtung mit Anti-Zusetz-Film f\u00fcr schnelleren Materialabtrag und h\u00f6here Produktivit\u00e4t;2-mal l\u00e4ngere Lebensdauer als Standardpapier;Geeignet f\u00fcr alle Holzarten, Lacke, Putze und Spachtelmassen<\/p>\n<p>4932492233<br \/>\n4058546416003<\/p>\n","protected":false},"excerpt":{"rendered":"<p>SCHLEIFSCHEIBE HP 150 mm\/6 L\u00d6CHER K.60 &#8211; 50 Stk.<\/p>\n","protected":false},"featured_media":555475,"template":"","meta":{"_seopress_robots_primary_cat":"","_seopress_titles_title":"","_seopress_titles_desc":"","_seopress_robots_index":""},"product_brand":[3407],"product_cat":[5416,33],"product_tag":[3270],"class_list":{"0":"post-831724","1":"product","2":"type-product","3":"status-publish","4":"has-post-thumbnail","6":"product_brand-milwaukee","7":"product_cat-utensili-per-officina","8":"product_cat-attrezzature","9":"product_tag-import-milwau","10":"sws-conto-ricavi-merci-rivendita-macchinari-de","11":"sws-gruppo-iva-iva81-de","13":"first","14":"onbackorder","15":"sale","16":"shipping-taxable","17":"purchasable","18":"product-type-simple"},"_links":{"self":[{"href":"https:\/\/lucacastelli.com\/de\/wp-json\/wp\/v2\/product\/831724","targetHints":{"allow":["GET"]}}],"collection":[{"href":"https:\/\/lucacastelli.com\/de\/wp-json\/wp\/v2\/product"}],"about":[{"href":"https:\/\/lucacastelli.com\/de\/wp-json\/wp\/v2\/types\/product"}],"wp:featuredmedia":[{"embeddable":true,"href":"https:\/\/lucacastelli.com\/de\/wp-json\/wp\/v2\/media\/555475"}],"wp:attachment":[{"href":"https:\/\/lucacastelli.com\/de\/wp-json\/wp\/v2\/media?parent=831724"}],"wp:term":[{"taxonomy":"product_brand","embeddable":true,"href":"https:\/\/lucacastelli.com\/de\/wp-json\/wp\/v2\/product_brand?post=831724"},{"taxonomy":"product_cat","embeddable":true,"href":"https:\/\/lucacastelli.com\/de\/wp-json\/wp\/v2\/product_cat?post=831724"},{"taxonomy":"product_tag","embeddable":true,"href":"https:\/\/lucacastelli.com\/de\/wp-json\/wp\/v2\/product_tag?post=831724"}],"curies":[{"name":"wp","href":"https:\/\/api.w.org\/{rel}","templated":true}]}}