{"id":831716,"date":"2025-08-07T20:28:49","date_gmt":"2025-08-07T18:28:49","guid":{"rendered":"https:\/\/lucacastelli.com\/prodotto\/milwaukee-klappmesser-2\/"},"modified":"2025-08-07T20:28:49","modified_gmt":"2025-08-07T18:28:49","slug":"milwaukee-klappmesser-2","status":"publish","type":"product","link":"https:\/\/lucacastelli.com\/de\/produkt\/milwaukee-klappmesser-2\/","title":{"rendered":"MILWAUKEE Klappmesser"},"content":{"rendered":"<p>TASCHENMESSER<br \/>\nEinfaches \u00d6ffnen per Knopfdruck;Integrierter Fadenschneider erm\u00f6glicht Schneiden ohne \u00d6ffnen des Messers;Schneller und einfacher Klingenwechsel per Knopfdruck f\u00fcr maximale Effizienz;Integrierter Abisolierer;Schlankes Geh\u00e4use und Befestigungsclip;G\u00fcrtelclip<\/p>\n<p>4932471357<br \/>\n4058546289850<\/p>\n","protected":false},"excerpt":{"rendered":"<p>TASCHENMESSER<\/p>\n","protected":false},"featured_media":536420,"template":"","meta":{"_seopress_robots_primary_cat":"","_seopress_titles_title":"","_seopress_titles_desc":"","_seopress_robots_index":""},"product_brand":[3656],"product_cat":[150,5529],"product_tag":[3272],"class_list":{"0":"post-831716","1":"product","2":"type-product","3":"status-publish","4":"has-post-thumbnail","6":"product_brand-milwaukee-de","7":"product_cat-ausrustung","8":"product_cat-workshop-tools","9":"product_tag-import-milwau-de","10":"sws-conto-ricavi-merci-rivendita-macchinari-de","11":"sws-gruppo-iva-iva81-de","13":"first","14":"onbackorder","15":"sale","16":"shipping-taxable","17":"purchasable","18":"product-type-simple"},"_links":{"self":[{"href":"https:\/\/lucacastelli.com\/de\/wp-json\/wp\/v2\/product\/831716","targetHints":{"allow":["GET"]}}],"collection":[{"href":"https:\/\/lucacastelli.com\/de\/wp-json\/wp\/v2\/product"}],"about":[{"href":"https:\/\/lucacastelli.com\/de\/wp-json\/wp\/v2\/types\/product"}],"wp:featuredmedia":[{"embeddable":true,"href":"https:\/\/lucacastelli.com\/de\/wp-json\/wp\/v2\/media\/536420"}],"wp:attachment":[{"href":"https:\/\/lucacastelli.com\/de\/wp-json\/wp\/v2\/media?parent=831716"}],"wp:term":[{"taxonomy":"product_brand","embeddable":true,"href":"https:\/\/lucacastelli.com\/de\/wp-json\/wp\/v2\/product_brand?post=831716"},{"taxonomy":"product_cat","embeddable":true,"href":"https:\/\/lucacastelli.com\/de\/wp-json\/wp\/v2\/product_cat?post=831716"},{"taxonomy":"product_tag","embeddable":true,"href":"https:\/\/lucacastelli.com\/de\/wp-json\/wp\/v2\/product_tag?post=831716"}],"curies":[{"name":"wp","href":"https:\/\/api.w.org\/{rel}","templated":true}]}}