{"id":831712,"date":"2025-08-07T20:28:48","date_gmt":"2025-08-07T18:28:48","guid":{"rendered":"https:\/\/lucacastelli.com\/prodotto\/milwaukee-klappmesser-6-in-1\/"},"modified":"2025-08-07T20:28:48","modified_gmt":"2025-08-07T18:28:48","slug":"milwaukee-klappmesser-6-in-1","status":"publish","type":"product","link":"https:\/\/lucacastelli.com\/de\/produkt\/milwaukee-klappmesser-6-in-1\/","title":{"rendered":"MILWAUKEE Klappmesser 6 in 1"},"content":{"rendered":"<p>KLAPPMESSER 6 IN 1 MIT EINKLAPPBARER KLINGE 1 Stk.<br \/>\nIntegrierter Bithalter 1\/4 Zoll Hex mit doppelseitigem Bit PH2 und SL5.5;Einh\u00e4ndiges \u00d6ffnen;Schneller Klingenwechsel. Weniger Zeitverlust;Kabelabisolierer. Reduziert Ausf\u00fchrungszeiten und optimiert die Anwendung;G\u00fcrtelclip;Integrierter Flaschen\u00f6ffner  <\/p>\n<p>4932478559<br \/>\n4058546347529<\/p>\n","protected":false},"excerpt":{"rendered":"<p>KLAPPMESSER 6 IN 1 MIT EINKLAPPBARER KLINGE 1 Stk.<\/p>\n","protected":false},"featured_media":541119,"template":"","meta":{"_seopress_robots_primary_cat":"","_seopress_titles_title":"","_seopress_titles_desc":"","_seopress_robots_index":""},"product_brand":[3656],"product_cat":[150,5529],"product_tag":[3272],"class_list":{"0":"post-831712","1":"product","2":"type-product","3":"status-publish","4":"has-post-thumbnail","6":"product_brand-milwaukee-de","7":"product_cat-ausrustung","8":"product_cat-workshop-tools","9":"product_tag-import-milwau-de","10":"sws-conto-ricavi-merci-rivendita-macchinari-de","11":"sws-gruppo-iva-iva81-de","13":"first","14":"onbackorder","15":"sale","16":"shipping-taxable","17":"purchasable","18":"product-type-simple"},"_links":{"self":[{"href":"https:\/\/lucacastelli.com\/de\/wp-json\/wp\/v2\/product\/831712","targetHints":{"allow":["GET"]}}],"collection":[{"href":"https:\/\/lucacastelli.com\/de\/wp-json\/wp\/v2\/product"}],"about":[{"href":"https:\/\/lucacastelli.com\/de\/wp-json\/wp\/v2\/types\/product"}],"wp:featuredmedia":[{"embeddable":true,"href":"https:\/\/lucacastelli.com\/de\/wp-json\/wp\/v2\/media\/541119"}],"wp:attachment":[{"href":"https:\/\/lucacastelli.com\/de\/wp-json\/wp\/v2\/media?parent=831712"}],"wp:term":[{"taxonomy":"product_brand","embeddable":true,"href":"https:\/\/lucacastelli.com\/de\/wp-json\/wp\/v2\/product_brand?post=831712"},{"taxonomy":"product_cat","embeddable":true,"href":"https:\/\/lucacastelli.com\/de\/wp-json\/wp\/v2\/product_cat?post=831712"},{"taxonomy":"product_tag","embeddable":true,"href":"https:\/\/lucacastelli.com\/de\/wp-json\/wp\/v2\/product_tag?post=831712"}],"curies":[{"name":"wp","href":"https:\/\/api.w.org\/{rel}","templated":true}]}}