{"id":831707,"date":"2025-08-07T20:28:37","date_gmt":"2025-08-07T18:28:37","guid":{"rendered":"https:\/\/lucacastelli.com\/prodotto\/milwaukee-innensechskantschluessel-mit-kugelkopf-13\/"},"modified":"2025-08-07T20:28:37","modified_gmt":"2025-08-07T18:28:37","slug":"milwaukee-innensechskantschluessel-mit-kugelkopf-13","status":"publish","type":"product","link":"https:\/\/lucacastelli.com\/de\/produkt\/milwaukee-innensechskantschluessel-mit-kugelkopf-13\/","title":{"rendered":"MILWAUKEE Innensechskantschl\u00fcssel mit Kugelkopf"},"content":{"rendered":"<p>SECHSKANTSCHL\u00dcSSEL LANG MIT KUGELKOPF 3 mm<br \/>\nSchwenkbarer und verriegelbarer Halter f\u00fcr einfachen Zugriff;Kugelkopf f\u00fcr Schraubenzugriff bis zu 30\u00b0;Gr\u00f6\u00dfenmarkierungen auf dem Halter zur einfachen Identifizierung;Vorrichtung f\u00fcr Absturzsicherung<\/p>\n<p>4932492412<br \/>\n4058546417796<\/p>\n","protected":false},"excerpt":{"rendered":"<p>SECHSKANTSCHL\u00dcSSEL LANG MIT KUGELKOPF 3 mm<\/p>\n","protected":false},"featured_media":541352,"template":"","meta":{"_seopress_robots_primary_cat":"","_seopress_titles_title":"","_seopress_titles_desc":"","_seopress_robots_index":""},"product_brand":[3407],"product_cat":[5416,33],"product_tag":[3270],"class_list":{"0":"post-831707","1":"product","2":"type-product","3":"status-publish","4":"has-post-thumbnail","6":"product_brand-milwaukee","7":"product_cat-utensili-per-officina","8":"product_cat-attrezzature","9":"product_tag-import-milwau","10":"sws-conto-ricavi-merci-rivendita-macchinari-de","11":"sws-gruppo-iva-iva81-de","13":"first","14":"onbackorder","15":"sale","16":"shipping-taxable","17":"purchasable","18":"product-type-simple"},"_links":{"self":[{"href":"https:\/\/lucacastelli.com\/de\/wp-json\/wp\/v2\/product\/831707","targetHints":{"allow":["GET"]}}],"collection":[{"href":"https:\/\/lucacastelli.com\/de\/wp-json\/wp\/v2\/product"}],"about":[{"href":"https:\/\/lucacastelli.com\/de\/wp-json\/wp\/v2\/types\/product"}],"wp:featuredmedia":[{"embeddable":true,"href":"https:\/\/lucacastelli.com\/de\/wp-json\/wp\/v2\/media\/541352"}],"wp:attachment":[{"href":"https:\/\/lucacastelli.com\/de\/wp-json\/wp\/v2\/media?parent=831707"}],"wp:term":[{"taxonomy":"product_brand","embeddable":true,"href":"https:\/\/lucacastelli.com\/de\/wp-json\/wp\/v2\/product_brand?post=831707"},{"taxonomy":"product_cat","embeddable":true,"href":"https:\/\/lucacastelli.com\/de\/wp-json\/wp\/v2\/product_cat?post=831707"},{"taxonomy":"product_tag","embeddable":true,"href":"https:\/\/lucacastelli.com\/de\/wp-json\/wp\/v2\/product_tag?post=831707"}],"curies":[{"name":"wp","href":"https:\/\/api.w.org\/{rel}","templated":true}]}}