{"id":831706,"date":"2025-08-07T20:28:47","date_gmt":"2025-08-07T18:28:47","guid":{"rendered":"https:\/\/lucacastelli.com\/prodotto\/milwaukee-klappmesser\/"},"modified":"2025-08-07T20:28:47","modified_gmt":"2025-08-07T18:28:47","slug":"milwaukee-klappmesser","status":"publish","type":"product","link":"https:\/\/lucacastelli.com\/de\/produkt\/milwaukee-klappmesser\/","title":{"rendered":"MILWAUKEE Klappmesser"},"content":{"rendered":"<p>KLAPPMESSER MIT KLINGENFACH III GEN.<br \/>\nVereinfachtes \u00d6ffnen \u00fcber die entsprechende Taste;Der integrierte Fadenschneider erm\u00f6glicht das Schneiden ohne \u00d6ffnen des Messers;\u00dcber Taste ist der Klingenwechsel schnell und einfach f\u00fcr maximale Schneidleistung;Integrierter Kabelsch\u00e4ler;Schlanker K\u00f6rper und Befestigungsclip;G\u00fcrtelclip<\/p>\n<p>4932471358<br \/>\n4058546289867<\/p>\n","protected":false},"excerpt":{"rendered":"<p>KLAPPMESSER MIT KLINGENFACH III GEN.<\/p>\n","protected":false},"featured_media":536449,"template":"","meta":{"_seopress_robots_primary_cat":"","_seopress_titles_title":"","_seopress_titles_desc":"","_seopress_robots_index":""},"product_brand":[3407],"product_cat":[5416,33],"product_tag":[3270],"class_list":{"0":"post-831706","1":"product","2":"type-product","3":"status-publish","4":"has-post-thumbnail","6":"product_brand-milwaukee","7":"product_cat-utensili-per-officina","8":"product_cat-attrezzature","9":"product_tag-import-milwau","10":"sws-conto-ricavi-merci-rivendita-macchinari-de","11":"sws-gruppo-iva-iva81-de","13":"first","14":"onbackorder","15":"sale","16":"shipping-taxable","17":"purchasable","18":"product-type-simple"},"_links":{"self":[{"href":"https:\/\/lucacastelli.com\/de\/wp-json\/wp\/v2\/product\/831706","targetHints":{"allow":["GET"]}}],"collection":[{"href":"https:\/\/lucacastelli.com\/de\/wp-json\/wp\/v2\/product"}],"about":[{"href":"https:\/\/lucacastelli.com\/de\/wp-json\/wp\/v2\/types\/product"}],"wp:featuredmedia":[{"embeddable":true,"href":"https:\/\/lucacastelli.com\/de\/wp-json\/wp\/v2\/media\/536449"}],"wp:attachment":[{"href":"https:\/\/lucacastelli.com\/de\/wp-json\/wp\/v2\/media?parent=831706"}],"wp:term":[{"taxonomy":"product_brand","embeddable":true,"href":"https:\/\/lucacastelli.com\/de\/wp-json\/wp\/v2\/product_brand?post=831706"},{"taxonomy":"product_cat","embeddable":true,"href":"https:\/\/lucacastelli.com\/de\/wp-json\/wp\/v2\/product_cat?post=831706"},{"taxonomy":"product_tag","embeddable":true,"href":"https:\/\/lucacastelli.com\/de\/wp-json\/wp\/v2\/product_tag?post=831706"}],"curies":[{"name":"wp","href":"https:\/\/api.w.org\/{rel}","templated":true}]}}