{"id":831692,"date":"2025-08-07T20:28:14","date_gmt":"2025-08-07T18:28:14","guid":{"rendered":"https:\/\/lucacastelli.com\/prodotto\/milwaukee-innensechskantschluessel-mit-kugelkopf-9\/"},"modified":"2025-08-07T20:28:14","modified_gmt":"2025-08-07T18:28:14","slug":"milwaukee-innensechskantschluessel-mit-kugelkopf-9","status":"publish","type":"product","link":"https:\/\/lucacastelli.com\/de\/produkt\/milwaukee-innensechskantschluessel-mit-kugelkopf-9\/","title":{"rendered":"MILWAUKEE Innensechskantschl\u00fcssel mit Kugelkopf"},"content":{"rendered":"<p>INNENSECHSKANTSCHL\u00dcSSEL-SET KOMPL. KUGELKOPF 9-TLG.<br \/>\nDrehbares und arretierbares Etui f\u00fcr einfachen Zugriff auf die Schl\u00fcssel;Kugelkopf f\u00fcr Schraubenzugang bis 30\u00b0;Durchmesser auf Etui aufgedruckt f\u00fcr einfache Identifikation;Vorbereitung f\u00fcr Absturzsicherungsschlaufe<\/p>\n<p>4932492399<br \/>\n4058546417666<\/p>\n","protected":false},"excerpt":{"rendered":"<p>INNENSECHSKANTSCHL\u00dcSSEL-SET KOMPL. KUGELKOPF 9-TLG.<\/p>\n","protected":false},"featured_media":541352,"template":"","meta":{"_seopress_robots_primary_cat":"","_seopress_titles_title":"","_seopress_titles_desc":"","_seopress_robots_index":""},"product_brand":[3407],"product_cat":[5416,33],"product_tag":[3270],"class_list":{"0":"post-831692","1":"product","2":"type-product","3":"status-publish","4":"has-post-thumbnail","6":"product_brand-milwaukee","7":"product_cat-utensili-per-officina","8":"product_cat-attrezzature","9":"product_tag-import-milwau","10":"sws-conto-ricavi-merci-rivendita-macchinari-de","11":"sws-gruppo-iva-iva81-de","13":"first","14":"onbackorder","15":"sale","16":"shipping-taxable","17":"purchasable","18":"product-type-simple"},"_links":{"self":[{"href":"https:\/\/lucacastelli.com\/de\/wp-json\/wp\/v2\/product\/831692","targetHints":{"allow":["GET"]}}],"collection":[{"href":"https:\/\/lucacastelli.com\/de\/wp-json\/wp\/v2\/product"}],"about":[{"href":"https:\/\/lucacastelli.com\/de\/wp-json\/wp\/v2\/types\/product"}],"wp:featuredmedia":[{"embeddable":true,"href":"https:\/\/lucacastelli.com\/de\/wp-json\/wp\/v2\/media\/541352"}],"wp:attachment":[{"href":"https:\/\/lucacastelli.com\/de\/wp-json\/wp\/v2\/media?parent=831692"}],"wp:term":[{"taxonomy":"product_brand","embeddable":true,"href":"https:\/\/lucacastelli.com\/de\/wp-json\/wp\/v2\/product_brand?post=831692"},{"taxonomy":"product_cat","embeddable":true,"href":"https:\/\/lucacastelli.com\/de\/wp-json\/wp\/v2\/product_cat?post=831692"},{"taxonomy":"product_tag","embeddable":true,"href":"https:\/\/lucacastelli.com\/de\/wp-json\/wp\/v2\/product_tag?post=831692"}],"curies":[{"name":"wp","href":"https:\/\/api.w.org\/{rel}","templated":true}]}}