{"id":831681,"date":"2025-08-07T20:28:10","date_gmt":"2025-08-07T18:28:10","guid":{"rendered":"https:\/\/lucacastelli.com\/prodotto\/milwaukee-doppelmaulschluessel-fuer-beschlaege-8\/"},"modified":"2025-08-07T20:28:10","modified_gmt":"2025-08-07T18:28:10","slug":"milwaukee-doppelmaulschluessel-fuer-beschlaege-8","status":"publish","type":"product","link":"https:\/\/lucacastelli.com\/de\/produkt\/milwaukee-doppelmaulschluessel-fuer-beschlaege-8\/","title":{"rendered":"Milwaukee Doppelmaulschl\u00fcssel f\u00fcr Beschl\u00e4ge"},"content":{"rendered":"<p>DOPPELMAULSCHL\u00dcSSEL F\u00dcR VERSCHRAUBUNGEN 14&#215;17 mm<br \/>\nOptimierte Kopfgeometrie f\u00fcr sicheren Halt an Befestigungselementen und zur Reduzierung des Ausrundens von Muttern; Abgerundeter Griff f\u00fcr mehr Komfort bei der Anwendung; Mit Tinte aufgedruckte Gr\u00f6\u00dfen f\u00fcr schnelle Erkennung; Um 15\u00b0 abgewinkelter Kopf f\u00fcr bessere Zug\u00e4nglichkeit<\/p>\n<p>4932480630<br \/>\n4058546409159<\/p>\n","protected":false},"excerpt":{"rendered":"<p>DOPPELMAULSCHL\u00dcSSEL F\u00dcR VERSCHRAUBUNGEN 14&#215;17 mm<\/p>\n","protected":false},"featured_media":552971,"template":"","meta":{"_seopress_robots_primary_cat":"","_seopress_titles_title":"","_seopress_titles_desc":"","_seopress_robots_index":""},"product_brand":[3407],"product_cat":[5416,33],"product_tag":[3270],"class_list":{"0":"post-831681","1":"product","2":"type-product","3":"status-publish","4":"has-post-thumbnail","6":"product_brand-milwaukee","7":"product_cat-utensili-per-officina","8":"product_cat-attrezzature","9":"product_tag-import-milwau","10":"sws-conto-ricavi-merci-rivendita-macchinari-de","11":"sws-gruppo-iva-iva81-de","13":"first","14":"onbackorder","15":"sale","16":"shipping-taxable","17":"purchasable","18":"product-type-simple"},"_links":{"self":[{"href":"https:\/\/lucacastelli.com\/de\/wp-json\/wp\/v2\/product\/831681","targetHints":{"allow":["GET"]}}],"collection":[{"href":"https:\/\/lucacastelli.com\/de\/wp-json\/wp\/v2\/product"}],"about":[{"href":"https:\/\/lucacastelli.com\/de\/wp-json\/wp\/v2\/types\/product"}],"wp:featuredmedia":[{"embeddable":true,"href":"https:\/\/lucacastelli.com\/de\/wp-json\/wp\/v2\/media\/552971"}],"wp:attachment":[{"href":"https:\/\/lucacastelli.com\/de\/wp-json\/wp\/v2\/media?parent=831681"}],"wp:term":[{"taxonomy":"product_brand","embeddable":true,"href":"https:\/\/lucacastelli.com\/de\/wp-json\/wp\/v2\/product_brand?post=831681"},{"taxonomy":"product_cat","embeddable":true,"href":"https:\/\/lucacastelli.com\/de\/wp-json\/wp\/v2\/product_cat?post=831681"},{"taxonomy":"product_tag","embeddable":true,"href":"https:\/\/lucacastelli.com\/de\/wp-json\/wp\/v2\/product_tag?post=831681"}],"curies":[{"name":"wp","href":"https:\/\/api.w.org\/{rel}","templated":true}]}}