{"id":831671,"date":"2025-08-07T20:13:47","date_gmt":"2025-08-07T18:13:47","guid":{"rendered":"https:\/\/lucacastelli.com\/prodotto\/milwaukee-schleifpapier-powergrid-mesh-fuer-exzenter-und-rotationsschleifer-%e2%8c%80125-150-mm\/"},"modified":"2025-08-07T20:13:47","modified_gmt":"2025-08-07T18:13:47","slug":"milwaukee-schleifpapier-powergrid-mesh-fuer-exzenter-und-rotationsschleifer-%e2%8c%80125-150-mm","status":"publish","type":"product","link":"https:\/\/lucacastelli.com\/de\/produkt\/milwaukee-schleifpapier-powergrid-mesh-fuer-exzenter-und-rotationsschleifer-%e2%8c%80125-150-mm\/","title":{"rendered":"MILWAUKEE Schleifpapier POWERGRID MESH f\u00fcr Exzenter- und Rotationsschleifer \u2300125 &amp; 150 mm"},"content":{"rendered":"<p>SCHLEIFGITTER-SCHEIBE 125 mm K.240 &#8211; 10 Stk.<br \/>\nKunststoffgitter-Tr\u00e4ger mit Aluminiumoxid-K\u00f6rnung f\u00fcr beste Abtragsleistung bei Finish-Arbeiten; Die Netzstruktur garantiert zu 99 % staubfreies Schleifen und kein Verstopfen. Kein Verstopfen und kein Staub auf der Arbeitsfl\u00e4che garantieren eine l\u00e4ngere Lebensdauer und ein besseres Finish; Schnelle Ausrichtung der Absaugl\u00f6cher und universelle Kompatibilit\u00e4t mit allen Schleiftellern von Mitbewerbern; Einfach zu reinigen und wiederverwendbar (waschen oder abwischen); 3-mal l\u00e4ngere Lebensdauer als Standard-Schleifpapier; Geeignet f\u00fcr alle Arten von Metall, Holz, Lack, Putz und Spachtelmasse; Die Verwendung einer Schleifteller-Schutzauflage wird empfohlen <\/p>\n<p>4932492188<br \/>\n4058546415556<\/p>\n","protected":false},"excerpt":{"rendered":"<p>SCHLEIFGITTER-SCHEIBE 125 mm K.240 &#8211; 10 Stk.<\/p>\n","protected":false},"featured_media":555257,"template":"","meta":{"_seopress_robots_primary_cat":"","_seopress_titles_title":"","_seopress_titles_desc":"","_seopress_robots_index":""},"product_brand":[3656],"product_cat":[5529,150],"product_tag":[3272],"class_list":{"0":"post-831671","1":"product","2":"type-product","3":"status-publish","4":"has-post-thumbnail","6":"product_brand-milwaukee-de","7":"product_cat-workshop-tools","8":"product_cat-ausrustung","9":"product_tag-import-milwau-de","10":"sws-conto-ricavi-merci-rivendita-macchinari-de","11":"sws-gruppo-iva-iva81-de","13":"first","14":"onbackorder","15":"sale","16":"shipping-taxable","17":"purchasable","18":"product-type-simple"},"_links":{"self":[{"href":"https:\/\/lucacastelli.com\/de\/wp-json\/wp\/v2\/product\/831671","targetHints":{"allow":["GET"]}}],"collection":[{"href":"https:\/\/lucacastelli.com\/de\/wp-json\/wp\/v2\/product"}],"about":[{"href":"https:\/\/lucacastelli.com\/de\/wp-json\/wp\/v2\/types\/product"}],"wp:featuredmedia":[{"embeddable":true,"href":"https:\/\/lucacastelli.com\/de\/wp-json\/wp\/v2\/media\/555257"}],"wp:attachment":[{"href":"https:\/\/lucacastelli.com\/de\/wp-json\/wp\/v2\/media?parent=831671"}],"wp:term":[{"taxonomy":"product_brand","embeddable":true,"href":"https:\/\/lucacastelli.com\/de\/wp-json\/wp\/v2\/product_brand?post=831671"},{"taxonomy":"product_cat","embeddable":true,"href":"https:\/\/lucacastelli.com\/de\/wp-json\/wp\/v2\/product_cat?post=831671"},{"taxonomy":"product_tag","embeddable":true,"href":"https:\/\/lucacastelli.com\/de\/wp-json\/wp\/v2\/product_tag?post=831671"}],"curies":[{"name":"wp","href":"https:\/\/api.w.org\/{rel}","templated":true}]}}