{"id":831661,"date":"2025-08-07T20:28:57","date_gmt":"2025-08-07T18:28:57","guid":{"rendered":"https:\/\/lucacastelli.com\/prodotto\/milwaukee-torx-schluessel-mit-kugelkopf\/"},"modified":"2025-08-07T20:28:57","modified_gmt":"2025-08-07T18:28:57","slug":"milwaukee-torx-schluessel-mit-kugelkopf","status":"publish","type":"product","link":"https:\/\/lucacastelli.com\/de\/produkt\/milwaukee-torx-schluessel-mit-kugelkopf\/","title":{"rendered":"MILWAUKEE Torx-Schl\u00fcssel mit Kugelkopf"},"content":{"rendered":"<p>TORX-WINKELSCHL\u00dcSSELSATZ LANG MIT KUGELKOPF, 9-TLG.<br \/>\nExklusiver patentierter Halter f\u00fcr einfachen Zugriff auf die Schl\u00fcssel;Der Torx-Kugelkopf erm\u00f6glicht einen 25-Grad-Zugriff auf jede Torx-Schraube;Lasermarkierung auf dem Schl\u00fcssel zur einfachen und schnellen Identifizierung der Gr\u00f6\u00dfe;Lange Ausf\u00fchrung f\u00fcr eine gr\u00f6\u00dfere Reichweite an schwer zug\u00e4nglichen Stellen;Vorrichtung f\u00fcr Absturzsicherung <\/p>\n<p>4932492693<br \/>\n4058546475642<\/p>\n","protected":false},"excerpt":{"rendered":"<p>TORX-WINKELSCHL\u00dcSSELSATZ LANG MIT KUGELKOPF, 9-TLG. <\/p>\n","protected":false},"featured_media":557979,"template":"","meta":{"_seopress_robots_primary_cat":"","_seopress_titles_title":"","_seopress_titles_desc":"","_seopress_robots_index":""},"product_brand":[3407],"product_cat":[5416,33],"product_tag":[3270],"class_list":{"0":"post-831661","1":"product","2":"type-product","3":"status-publish","4":"has-post-thumbnail","6":"product_brand-milwaukee","7":"product_cat-utensili-per-officina","8":"product_cat-attrezzature","9":"product_tag-import-milwau","10":"sws-conto-ricavi-merci-rivendita-macchinari-de","11":"sws-gruppo-iva-iva81-de","13":"first","14":"onbackorder","15":"sale","16":"shipping-taxable","17":"purchasable","18":"product-type-simple"},"_links":{"self":[{"href":"https:\/\/lucacastelli.com\/de\/wp-json\/wp\/v2\/product\/831661","targetHints":{"allow":["GET"]}}],"collection":[{"href":"https:\/\/lucacastelli.com\/de\/wp-json\/wp\/v2\/product"}],"about":[{"href":"https:\/\/lucacastelli.com\/de\/wp-json\/wp\/v2\/types\/product"}],"wp:featuredmedia":[{"embeddable":true,"href":"https:\/\/lucacastelli.com\/de\/wp-json\/wp\/v2\/media\/557979"}],"wp:attachment":[{"href":"https:\/\/lucacastelli.com\/de\/wp-json\/wp\/v2\/media?parent=831661"}],"wp:term":[{"taxonomy":"product_brand","embeddable":true,"href":"https:\/\/lucacastelli.com\/de\/wp-json\/wp\/v2\/product_brand?post=831661"},{"taxonomy":"product_cat","embeddable":true,"href":"https:\/\/lucacastelli.com\/de\/wp-json\/wp\/v2\/product_cat?post=831661"},{"taxonomy":"product_tag","embeddable":true,"href":"https:\/\/lucacastelli.com\/de\/wp-json\/wp\/v2\/product_tag?post=831661"}],"curies":[{"name":"wp","href":"https:\/\/api.w.org\/{rel}","templated":true}]}}