{"id":831621,"date":"2025-08-07T20:13:27","date_gmt":"2025-08-07T18:13:27","guid":{"rendered":"https:\/\/lucacastelli.com\/prodotto\/milwaukee-high-performance-schleifpapier-fuer-exzenterschleifer-%e2%8c%80125-150-mm-2\/"},"modified":"2025-08-07T20:13:27","modified_gmt":"2025-08-07T18:13:27","slug":"milwaukee-high-performance-schleifpapier-fuer-exzenterschleifer-%e2%8c%80125-150-mm-2","status":"publish","type":"product","link":"https:\/\/lucacastelli.com\/de\/produkt\/milwaukee-high-performance-schleifpapier-fuer-exzenterschleifer-%e2%8c%80125-150-mm-2\/","title":{"rendered":"MILWAUKEE HIGH PERFORMANCE Schleifpapier f\u00fcr Exzenterschleifer \u2300125 &amp; 150 mm"},"content":{"rendered":"<p>SCHLEIFSCHEIBE HP 125 MM\/8 LOCH K.40 &#8211; 10 Stk.<br \/>\nFlexibler Papiertr\u00e4ger mit Aluminiumoxid und Stearat-Beschichtung, verhindert Zusetzen; Anti-Haft-Beschichtung der Schleifk\u00f6rner f\u00fcr schnelleren Materialabtrag und h\u00f6here Produktivit\u00e4t; 2-mal l\u00e4ngere Lebensdauer als Standardschleifpapier; Geeignet f\u00fcr alle Holzarten, Lack, Putz und Spachtelmasse<\/p>\n<p>4932492178<br \/>\n4058546415457<\/p>\n","protected":false},"excerpt":{"rendered":"<p>SCHLEIFSCHEIBE HP 125 MM\/8 LOCH K.40 &#8211; 10 Stk.<\/p>\n","protected":false},"featured_media":555211,"template":"","meta":{"_seopress_robots_primary_cat":"","_seopress_titles_title":"","_seopress_titles_desc":"","_seopress_robots_index":""},"product_brand":[3656],"product_cat":[5529,150],"product_tag":[3272],"class_list":{"0":"post-831621","1":"product","2":"type-product","3":"status-publish","4":"has-post-thumbnail","6":"product_brand-milwaukee-de","7":"product_cat-workshop-tools","8":"product_cat-ausrustung","9":"product_tag-import-milwau-de","10":"sws-conto-ricavi-merci-rivendita-macchinari-de","11":"sws-gruppo-iva-iva81-de","13":"first","14":"onbackorder","15":"sale","16":"shipping-taxable","17":"purchasable","18":"product-type-simple"},"_links":{"self":[{"href":"https:\/\/lucacastelli.com\/de\/wp-json\/wp\/v2\/product\/831621","targetHints":{"allow":["GET"]}}],"collection":[{"href":"https:\/\/lucacastelli.com\/de\/wp-json\/wp\/v2\/product"}],"about":[{"href":"https:\/\/lucacastelli.com\/de\/wp-json\/wp\/v2\/types\/product"}],"wp:featuredmedia":[{"embeddable":true,"href":"https:\/\/lucacastelli.com\/de\/wp-json\/wp\/v2\/media\/555211"}],"wp:attachment":[{"href":"https:\/\/lucacastelli.com\/de\/wp-json\/wp\/v2\/media?parent=831621"}],"wp:term":[{"taxonomy":"product_brand","embeddable":true,"href":"https:\/\/lucacastelli.com\/de\/wp-json\/wp\/v2\/product_brand?post=831621"},{"taxonomy":"product_cat","embeddable":true,"href":"https:\/\/lucacastelli.com\/de\/wp-json\/wp\/v2\/product_cat?post=831621"},{"taxonomy":"product_tag","embeddable":true,"href":"https:\/\/lucacastelli.com\/de\/wp-json\/wp\/v2\/product_tag?post=831621"}],"curies":[{"name":"wp","href":"https:\/\/api.w.org\/{rel}","templated":true}]}}