{"id":831618,"date":"2025-08-07T20:13:28","date_gmt":"2025-08-07T18:13:28","guid":{"rendered":"https:\/\/lucacastelli.com\/prodotto\/milwaukee-schleifpapier-high-performance-fuer-exzenterschleifer-%e2%8c%80125-150-mm\/"},"modified":"2025-08-07T20:13:28","modified_gmt":"2025-08-07T18:13:28","slug":"milwaukee-schleifpapier-high-performance-fuer-exzenterschleifer-%e2%8c%80125-150-mm","status":"publish","type":"product","link":"https:\/\/lucacastelli.com\/de\/produkt\/milwaukee-schleifpapier-high-performance-fuer-exzenterschleifer-%e2%8c%80125-150-mm\/","title":{"rendered":"MILWAUKEE Schleifpapier HIGH PERFORMANCE f\u00fcr Exzenterschleifer \u2300125 &amp; 150 mm"},"content":{"rendered":"<p>SCHLEIFSCHEIBE HP 125 mm\/8 L\u00d6CHER K.60 &#8211; 10 Stk.<br \/>\nFlexibler Papiertr\u00e4ger mit Aluminiumoxid mit Stearatbeschichtung, verhindert Verstopfung;Beschichtung der Schleifk\u00f6rner mit Anti-Verstopfungsfilm f\u00fcr schnelleren Materialabtrag und h\u00f6here Produktivit\u00e4t;2-fach l\u00e4ngere Lebensdauer im Vergleich zu Standardpapier;Geeignet f\u00fcr alle Holzarten, Lack, Putz und Spachtelmasse<\/p>\n<p>4932492179<br \/>\n4058546415464<\/p>\n","protected":false},"excerpt":{"rendered":"<p>SCHLEIFSCHEIBE HP 125 mm\/8 L\u00d6CHER K.60 &#8211; 10 Stk.<\/p>\n","protected":false},"featured_media":555216,"template":"","meta":{"_seopress_robots_primary_cat":"","_seopress_titles_title":"","_seopress_titles_desc":"","_seopress_robots_index":""},"product_brand":[3656],"product_cat":[5529,150],"product_tag":[3272],"class_list":{"0":"post-831618","1":"product","2":"type-product","3":"status-publish","4":"has-post-thumbnail","6":"product_brand-milwaukee-de","7":"product_cat-workshop-tools","8":"product_cat-ausrustung","9":"product_tag-import-milwau-de","10":"sws-conto-ricavi-merci-rivendita-macchinari-de","11":"sws-gruppo-iva-iva81-de","13":"first","14":"onbackorder","15":"sale","16":"shipping-taxable","17":"purchasable","18":"product-type-simple"},"_links":{"self":[{"href":"https:\/\/lucacastelli.com\/de\/wp-json\/wp\/v2\/product\/831618","targetHints":{"allow":["GET"]}}],"collection":[{"href":"https:\/\/lucacastelli.com\/de\/wp-json\/wp\/v2\/product"}],"about":[{"href":"https:\/\/lucacastelli.com\/de\/wp-json\/wp\/v2\/types\/product"}],"wp:featuredmedia":[{"embeddable":true,"href":"https:\/\/lucacastelli.com\/de\/wp-json\/wp\/v2\/media\/555216"}],"wp:attachment":[{"href":"https:\/\/lucacastelli.com\/de\/wp-json\/wp\/v2\/media?parent=831618"}],"wp:term":[{"taxonomy":"product_brand","embeddable":true,"href":"https:\/\/lucacastelli.com\/de\/wp-json\/wp\/v2\/product_brand?post=831618"},{"taxonomy":"product_cat","embeddable":true,"href":"https:\/\/lucacastelli.com\/de\/wp-json\/wp\/v2\/product_cat?post=831618"},{"taxonomy":"product_tag","embeddable":true,"href":"https:\/\/lucacastelli.com\/de\/wp-json\/wp\/v2\/product_tag?post=831618"}],"curies":[{"name":"wp","href":"https:\/\/api.w.org\/{rel}","templated":true}]}}