{"id":831557,"date":"2026-04-17T11:04:27","date_gmt":"2026-04-17T09:04:27","guid":{"rendered":"https:\/\/lucacastelli.com\/prodotto\/stihl-baseball-cap-100-reflective\/"},"modified":"2026-04-17T11:04:27","modified_gmt":"2026-04-17T09:04:27","slug":"stihl-baseball-cap-100-reflective","status":"publish","type":"product","link":"https:\/\/lucacastelli.com\/de\/produkt\/stihl-baseball-cap-100-reflective\/","title":{"rendered":"STIHL Baseball-Cap 100 REFLECTIVE"},"content":{"rendered":"<p>Feiern Sie das 100-j\u00e4hrige Jubil\u00e4um der Marke STIHL als echter Fan mit dieser schwarzen Trucker-Cap. Die R\u00fcckseite dieser 5-Panel-Cap besteht aus atmungsaktivem Mesh. Die Gr\u00f6\u00dfe ist durch einen Snapback-Verschluss individuell verstellbar. Das Highlight ist der schwarze, reflektierende STIHL Jubil\u00e4umsaufdruck \u201e100 LEGENDARY SINCE 1926\u201c auf der Vorderseite. Der Schirm ist mit einer Sechsfach-Naht versehen, die ihm einen einzigartigen Look verleiht.    <\/p>\n","protected":false},"excerpt":{"rendered":"<p>Feiern Sie das 100-j\u00e4hrige Jubil\u00e4um der Marke STIHL als echter Fan mit dieser schwarzen Trucker-Cap. Die R\u00fcckseite dieser 5-Panel-Cap besteht<\/p>\n","protected":false},"featured_media":831419,"template":"","meta":{"_seopress_robots_primary_cat":"","_seopress_titles_title":"","_seopress_titles_desc":"","_seopress_robots_index":""},"product_brand":[3554],"product_cat":[82,1391],"product_tag":[],"class_list":{"0":"post-831557","1":"product","2":"type-product","3":"status-publish","4":"has-post-thumbnail","6":"product_brand-stihl-de","7":"product_cat-kleidung","8":"product_cat-bekleidungs-accessoires","9":"sws-gruppo-abb-libero-de","10":"sws-conto-ricavi-merci-rivendita-abbigliamento-de","11":"sws-gruppo-iva-iva81-de","13":"first","14":"instock","15":"shipping-taxable","16":"purchasable","17":"product-type-simple"},"_links":{"self":[{"href":"https:\/\/lucacastelli.com\/de\/wp-json\/wp\/v2\/product\/831557","targetHints":{"allow":["GET"]}}],"collection":[{"href":"https:\/\/lucacastelli.com\/de\/wp-json\/wp\/v2\/product"}],"about":[{"href":"https:\/\/lucacastelli.com\/de\/wp-json\/wp\/v2\/types\/product"}],"wp:featuredmedia":[{"embeddable":true,"href":"https:\/\/lucacastelli.com\/de\/wp-json\/wp\/v2\/media\/831419"}],"wp:attachment":[{"href":"https:\/\/lucacastelli.com\/de\/wp-json\/wp\/v2\/media?parent=831557"}],"wp:term":[{"taxonomy":"product_brand","embeddable":true,"href":"https:\/\/lucacastelli.com\/de\/wp-json\/wp\/v2\/product_brand?post=831557"},{"taxonomy":"product_cat","embeddable":true,"href":"https:\/\/lucacastelli.com\/de\/wp-json\/wp\/v2\/product_cat?post=831557"},{"taxonomy":"product_tag","embeddable":true,"href":"https:\/\/lucacastelli.com\/de\/wp-json\/wp\/v2\/product_tag?post=831557"}],"curies":[{"name":"wp","href":"https:\/\/api.w.org\/{rel}","templated":true}]}}