{"id":831548,"date":"2026-04-17T11:18:07","date_gmt":"2026-04-17T09:18:07","guid":{"rendered":"https:\/\/lucacastelli.com\/prodotto\/key-tool-100-jahre\/"},"modified":"2026-04-17T11:18:07","modified_gmt":"2026-04-17T09:18:07","slug":"key-tool-100-jahre","status":"publish","type":"product","link":"https:\/\/lucacastelli.com\/de\/produkt\/key-tool-100-jahre\/","title":{"rendered":"Key Tool 100 Jahre"},"content":{"rendered":"<p>Dieses STIHL Key Tool \u201e100 JAHRE\u201c bietet sechs Funktionen: Schlitzschraubendreher, Nagelzieher, Sternschl\u00fcssel, Sechskantschl\u00fcssel oder Flaschen\u00f6ffner. Es ist mit einem Ring zur Befestigung ausgestattet, zum Beispiel als Schl\u00fcsselanh\u00e4nger. Mit den praktischen Ma\u00dfen von ca. 6 x 2,7 cm l\u00e4sst es sich leicht am Schl\u00fcsselbund oder im Werkzeugkasten transportieren. Anl\u00e4sslich des 100-j\u00e4hrigen STIHL Jubil\u00e4ums ist das Key Tool aus satiniertem Edelstahl in Form einer \u201e100\u201c gestaltet, mit dem STIHL Logo graviert und in einem eleganten Jubil\u00e4ums-Flyer verpackt.   <\/p>\n","protected":false},"excerpt":{"rendered":"<p>Dieses STIHL Key Tool \u201e100 JAHRE\u201c bietet sechs Funktionen: Schlitzschraubendreher, Nagelzieher, Sternschl\u00fcssel, Sechskantschl\u00fcssel oder Flaschen\u00f6ffner. Es ist mit einem Ring<\/p>\n","protected":false},"featured_media":831501,"template":"","meta":{"_seopress_robots_primary_cat":"none","_seopress_titles_title":"","_seopress_titles_desc":"","_seopress_robots_index":""},"product_brand":[3554],"product_cat":[1478],"product_tag":[],"class_list":{"0":"post-831548","1":"product","2":"type-product","3":"status-publish","4":"has-post-thumbnail","6":"product_brand-stihl-de","7":"product_cat-shop-de","8":"sws-gruppo-abb-libero-de","9":"sws-conto-ricavi-merci-rivendita-abbigliamento-de","10":"sws-gruppo-iva-iva81-de","12":"first","13":"instock","14":"shipping-taxable","15":"purchasable","16":"product-type-simple"},"_links":{"self":[{"href":"https:\/\/lucacastelli.com\/de\/wp-json\/wp\/v2\/product\/831548","targetHints":{"allow":["GET"]}}],"collection":[{"href":"https:\/\/lucacastelli.com\/de\/wp-json\/wp\/v2\/product"}],"about":[{"href":"https:\/\/lucacastelli.com\/de\/wp-json\/wp\/v2\/types\/product"}],"wp:featuredmedia":[{"embeddable":true,"href":"https:\/\/lucacastelli.com\/de\/wp-json\/wp\/v2\/media\/831501"}],"wp:attachment":[{"href":"https:\/\/lucacastelli.com\/de\/wp-json\/wp\/v2\/media?parent=831548"}],"wp:term":[{"taxonomy":"product_brand","embeddable":true,"href":"https:\/\/lucacastelli.com\/de\/wp-json\/wp\/v2\/product_brand?post=831548"},{"taxonomy":"product_cat","embeddable":true,"href":"https:\/\/lucacastelli.com\/de\/wp-json\/wp\/v2\/product_cat?post=831548"},{"taxonomy":"product_tag","embeddable":true,"href":"https:\/\/lucacastelli.com\/de\/wp-json\/wp\/v2\/product_tag?post=831548"}],"curies":[{"name":"wp","href":"https:\/\/api.w.org\/{rel}","templated":true}]}}