{"id":831536,"date":"2026-04-17T10:39:32","date_gmt":"2026-04-17T08:39:32","guid":{"rendered":"https:\/\/lucacastelli.com\/prodotto\/stihl-t-shirt-gr-m-stihl-100-reflective\/"},"modified":"2026-04-17T10:39:32","modified_gmt":"2026-04-17T08:39:32","slug":"stihl-t-shirt-gr-m-stihl-100-reflective","status":"publish","type":"product","link":"https:\/\/lucacastelli.com\/de\/produkt\/stihl-t-shirt-gr-m-stihl-100-reflective\/","title":{"rendered":"STIHL T-Shirt Gr. M STIHL 100 REFLECTIVE"},"content":{"rendered":"<p>Anl\u00e4sslich des 100-j\u00e4hrigen Jubil\u00e4ums von STIHL zeigt dieses schwarze Unisex-T-Shirt, dass Sie ein echter Fan der Marke sind. T-Shirt im Regular-Fit-Schnitt aus 100 % Bio-Baumwolle. Dank seines schlichten Designs ist es vielseitig kombinierbar. Auf der Brust befindet sich ein kleines STIHL Logo. Besonderes Merkmal: der schwarze, reflektierende STIHL Jubil\u00e4umsaufdruck \u201e100 LEGENDARY SINCE 1926\u201c auf der R\u00fcckseite des T-Shirts.    <\/p>\n","protected":false},"excerpt":{"rendered":"<p>Anl\u00e4sslich des 100-j\u00e4hrigen Jubil\u00e4ums von STIHL zeigt dieses schwarze Unisex-T-Shirt, dass Sie ein echter Fan der Marke sind. T-Shirt im<\/p>\n","protected":false},"featured_media":831345,"template":"","meta":{"_seopress_robots_primary_cat":"none","_seopress_titles_title":"","_seopress_titles_desc":"","_seopress_robots_index":""},"product_brand":[3554],"product_cat":[82,974,975],"product_tag":[],"class_list":{"0":"post-831536","1":"product","2":"type-product","3":"status-publish","4":"has-post-thumbnail","6":"product_brand-stihl-de","7":"product_cat-kleidung","8":"product_cat-freizeitkleidung","9":"product_cat-herrenbekleidung","10":"sws-gruppo-abb-libero-de","11":"sws-conto-ricavi-merci-rivendita-abbigliamento-de","12":"sws-gruppo-iva-iva81-de","14":"first","15":"instock","16":"shipping-taxable","17":"purchasable","18":"product-type-simple"},"_links":{"self":[{"href":"https:\/\/lucacastelli.com\/de\/wp-json\/wp\/v2\/product\/831536","targetHints":{"allow":["GET"]}}],"collection":[{"href":"https:\/\/lucacastelli.com\/de\/wp-json\/wp\/v2\/product"}],"about":[{"href":"https:\/\/lucacastelli.com\/de\/wp-json\/wp\/v2\/types\/product"}],"wp:featuredmedia":[{"embeddable":true,"href":"https:\/\/lucacastelli.com\/de\/wp-json\/wp\/v2\/media\/831345"}],"wp:attachment":[{"href":"https:\/\/lucacastelli.com\/de\/wp-json\/wp\/v2\/media?parent=831536"}],"wp:term":[{"taxonomy":"product_brand","embeddable":true,"href":"https:\/\/lucacastelli.com\/de\/wp-json\/wp\/v2\/product_brand?post=831536"},{"taxonomy":"product_cat","embeddable":true,"href":"https:\/\/lucacastelli.com\/de\/wp-json\/wp\/v2\/product_cat?post=831536"},{"taxonomy":"product_tag","embeddable":true,"href":"https:\/\/lucacastelli.com\/de\/wp-json\/wp\/v2\/product_tag?post=831536"}],"curies":[{"name":"wp","href":"https:\/\/api.w.org\/{rel}","templated":true}]}}