{"id":831524,"date":"2026-04-17T11:05:46","date_gmt":"2026-04-17T09:05:46","guid":{"rendered":"https:\/\/lucacastelli.com\/prodotto\/schluesselanhaenger-stihl-100-jahre\/"},"modified":"2026-04-17T11:05:46","modified_gmt":"2026-04-17T09:05:46","slug":"schluesselanhaenger-stihl-100-jahre","status":"publish","type":"product","link":"https:\/\/lucacastelli.com\/de\/produkt\/schluesselanhaenger-stihl-100-jahre\/","title":{"rendered":"Schl\u00fcsselanh\u00e4nger STIHL 100 Jahre"},"content":{"rendered":"<p>Anl\u00e4sslich des 100-j\u00e4hrigen Jubil\u00e4ums von STIHL ist dieser Schl\u00fcsselanh\u00e4nger aus Buchenholz mit der Aufschrift \u00ab100 LEGENDARY SINCE 1926\u00bb und dem STIHL-Logo ein unverzichtbares Accessoire f\u00fcr den Schl\u00fcsselbund jedes echten STIHL-Fans. Der Holzanh\u00e4nger und der Schl\u00fcsselring aus Eisen mit altgoldfarbener Legierung werden durch ein Verbindungselement aus PU-Leder zusammengehalten. Abmessungen: 8,2 x 2,1 cm, Durchmesser Schl\u00fcsselring: ca. 3 cm  <\/p>\n","protected":false},"excerpt":{"rendered":"<p>Anl\u00e4sslich des 100-j\u00e4hrigen Jubil\u00e4ums von STIHL ist dieser Schl\u00fcsselanh\u00e4nger aus Buchenholz mit der Aufschrift \u00ab100 LEGENDARY SINCE 1926\u00bb und dem<\/p>\n","protected":false},"featured_media":831496,"template":"","meta":{"_seopress_robots_primary_cat":"none","_seopress_titles_title":"","_seopress_titles_desc":"","_seopress_robots_index":""},"product_brand":[3554],"product_cat":[1478],"product_tag":[],"class_list":{"0":"post-831524","1":"product","2":"type-product","3":"status-publish","4":"has-post-thumbnail","6":"product_brand-stihl-de","7":"product_cat-shop-de","8":"sws-gruppo-abb-libero-de","9":"sws-conto-ricavi-merci-rivendita-abbigliamento-de","10":"sws-gruppo-iva-iva81-de","12":"first","13":"instock","14":"shipping-taxable","15":"purchasable","16":"product-type-simple"},"_links":{"self":[{"href":"https:\/\/lucacastelli.com\/de\/wp-json\/wp\/v2\/product\/831524","targetHints":{"allow":["GET"]}}],"collection":[{"href":"https:\/\/lucacastelli.com\/de\/wp-json\/wp\/v2\/product"}],"about":[{"href":"https:\/\/lucacastelli.com\/de\/wp-json\/wp\/v2\/types\/product"}],"wp:featuredmedia":[{"embeddable":true,"href":"https:\/\/lucacastelli.com\/de\/wp-json\/wp\/v2\/media\/831496"}],"wp:attachment":[{"href":"https:\/\/lucacastelli.com\/de\/wp-json\/wp\/v2\/media?parent=831524"}],"wp:term":[{"taxonomy":"product_brand","embeddable":true,"href":"https:\/\/lucacastelli.com\/de\/wp-json\/wp\/v2\/product_brand?post=831524"},{"taxonomy":"product_cat","embeddable":true,"href":"https:\/\/lucacastelli.com\/de\/wp-json\/wp\/v2\/product_cat?post=831524"},{"taxonomy":"product_tag","embeddable":true,"href":"https:\/\/lucacastelli.com\/de\/wp-json\/wp\/v2\/product_tag?post=831524"}],"curies":[{"name":"wp","href":"https:\/\/api.w.org\/{rel}","templated":true}]}}