{"id":831492,"date":"2025-08-07T20:29:39","date_gmt":"2025-08-07T18:29:39","guid":{"rendered":"https:\/\/lucacastelli.com\/prodotto\/milwaukee-schiebemesser-2\/"},"modified":"2025-08-07T20:29:39","modified_gmt":"2025-08-07T18:29:39","slug":"milwaukee-schiebemesser-2","status":"publish","type":"product","link":"https:\/\/lucacastelli.com\/de\/produkt\/milwaukee-schiebemesser-2\/","title":{"rendered":"MILWAUKEE Schiebemesser"},"content":{"rendered":"<p>SCHIEBEMESSER<br \/>\nDer Schiebemechanismus reduziert das Verletzungsrisiko f\u00fcr den Anwender.;Der Abisolierer erm\u00f6glicht das Abisolieren von Elektrokabeln.;Schneller und einfacher Klingenwechsel per Knopfdruck f\u00fcr maximale Schneideffizienz.;Magnetisches Klingenfach zur Aufbewahrung von bis zu 5 Klingen.;Vollmetallgeh\u00e4use mit Gummierung f\u00fcr erh\u00f6hte Langlebigkeit und Komfort bei der Anwendung.<\/p>\n<p>4932492378<br \/>\n4058546417451<\/p>\n","protected":false},"excerpt":{"rendered":"<p>SCHIEBEMESSER<\/p>\n","protected":false},"featured_media":598627,"template":"","meta":{"_seopress_robots_primary_cat":"","_seopress_titles_title":"","_seopress_titles_desc":"","_seopress_robots_index":""},"product_brand":[3407],"product_cat":[5416,33],"product_tag":[3270],"class_list":{"0":"post-831492","1":"product","2":"type-product","3":"status-publish","4":"has-post-thumbnail","6":"product_brand-milwaukee","7":"product_cat-utensili-per-officina","8":"product_cat-attrezzature","9":"product_tag-import-milwau","10":"sws-conto-ricavi-merci-rivendita-macchinari-de","11":"sws-gruppo-iva-iva81-de","13":"first","14":"onbackorder","15":"sale","16":"shipping-taxable","17":"purchasable","18":"product-type-simple"},"_links":{"self":[{"href":"https:\/\/lucacastelli.com\/de\/wp-json\/wp\/v2\/product\/831492","targetHints":{"allow":["GET"]}}],"collection":[{"href":"https:\/\/lucacastelli.com\/de\/wp-json\/wp\/v2\/product"}],"about":[{"href":"https:\/\/lucacastelli.com\/de\/wp-json\/wp\/v2\/types\/product"}],"wp:featuredmedia":[{"embeddable":true,"href":"https:\/\/lucacastelli.com\/de\/wp-json\/wp\/v2\/media\/598627"}],"wp:attachment":[{"href":"https:\/\/lucacastelli.com\/de\/wp-json\/wp\/v2\/media?parent=831492"}],"wp:term":[{"taxonomy":"product_brand","embeddable":true,"href":"https:\/\/lucacastelli.com\/de\/wp-json\/wp\/v2\/product_brand?post=831492"},{"taxonomy":"product_cat","embeddable":true,"href":"https:\/\/lucacastelli.com\/de\/wp-json\/wp\/v2\/product_cat?post=831492"},{"taxonomy":"product_tag","embeddable":true,"href":"https:\/\/lucacastelli.com\/de\/wp-json\/wp\/v2\/product_tag?post=831492"}],"curies":[{"name":"wp","href":"https:\/\/api.w.org\/{rel}","templated":true}]}}