{"id":831488,"date":"2025-08-07T20:29:37","date_gmt":"2025-08-07T18:29:37","guid":{"rendered":"https:\/\/lucacastelli.com\/prodotto\/milwaukee-einziehbarer-cutter\/"},"modified":"2025-08-07T20:29:37","modified_gmt":"2025-08-07T18:29:37","slug":"milwaukee-einziehbarer-cutter","status":"publish","type":"product","link":"https:\/\/lucacastelli.com\/de\/produkt\/milwaukee-einziehbarer-cutter\/","title":{"rendered":"MILWAUKEE Einziehbarer Cutter"},"content":{"rendered":"<p>CUTTERMESSER MIT EINZIEHBARER KLINGE<br \/>\nDie Klinge zieht sich zur\u00fcck, wenn der Knopf losgelassen wird; 2 Klingenpositionen zur besseren Kontrolle der Schnitttiefe; Klingenmagazin f\u00fcr bis zu 5 Ersatzklingen im Griff; Schneller Klingenwechsel ohne Schraubendreher; Geh\u00e4use komplett aus Metall; Abisolierer f\u00fcr Dr\u00e4hte bis zu 5 mm Durchmesser<\/p>\n<p>4932471360<br \/>\n4058546289881<\/p>\n","protected":false},"excerpt":{"rendered":"<p>CUTTERMESSER MIT EINZIEHBARER KLINGE<\/p>\n","protected":false},"featured_media":536470,"template":"","meta":{"_seopress_robots_primary_cat":"","_seopress_titles_title":"","_seopress_titles_desc":"","_seopress_robots_index":""},"product_brand":[3656],"product_cat":[150,5529],"product_tag":[3272],"class_list":{"0":"post-831488","1":"product","2":"type-product","3":"status-publish","4":"has-post-thumbnail","6":"product_brand-milwaukee-de","7":"product_cat-ausrustung","8":"product_cat-workshop-tools","9":"product_tag-import-milwau-de","10":"sws-conto-ricavi-merci-rivendita-macchinari-de","11":"sws-gruppo-iva-iva81-de","13":"first","14":"onbackorder","15":"sale","16":"shipping-taxable","17":"purchasable","18":"product-type-simple"},"_links":{"self":[{"href":"https:\/\/lucacastelli.com\/de\/wp-json\/wp\/v2\/product\/831488","targetHints":{"allow":["GET"]}}],"collection":[{"href":"https:\/\/lucacastelli.com\/de\/wp-json\/wp\/v2\/product"}],"about":[{"href":"https:\/\/lucacastelli.com\/de\/wp-json\/wp\/v2\/types\/product"}],"wp:featuredmedia":[{"embeddable":true,"href":"https:\/\/lucacastelli.com\/de\/wp-json\/wp\/v2\/media\/536470"}],"wp:attachment":[{"href":"https:\/\/lucacastelli.com\/de\/wp-json\/wp\/v2\/media?parent=831488"}],"wp:term":[{"taxonomy":"product_brand","embeddable":true,"href":"https:\/\/lucacastelli.com\/de\/wp-json\/wp\/v2\/product_brand?post=831488"},{"taxonomy":"product_cat","embeddable":true,"href":"https:\/\/lucacastelli.com\/de\/wp-json\/wp\/v2\/product_cat?post=831488"},{"taxonomy":"product_tag","embeddable":true,"href":"https:\/\/lucacastelli.com\/de\/wp-json\/wp\/v2\/product_tag?post=831488"}],"curies":[{"name":"wp","href":"https:\/\/api.w.org\/{rel}","templated":true}]}}