{"id":831482,"date":"2025-08-08T12:06:37","date_gmt":"2025-08-08T10:06:37","guid":{"rendered":"https:\/\/lucacastelli.com\/prodotto\/milwaukee-hydraulischer-untergrundkabelschneider-m18-force-logic\/"},"modified":"2025-08-08T12:06:37","modified_gmt":"2025-08-08T10:06:37","slug":"milwaukee-hydraulischer-untergrundkabelschneider-m18-force-logic","status":"publish","type":"product","link":"https:\/\/lucacastelli.com\/de\/produkt\/milwaukee-hydraulischer-untergrundkabelschneider-m18-force-logic\/","title":{"rendered":"MILWAUKEE HYDRAULISCHER UNTERGRUNDKABELSCHNEIDER M18\u2122 FORCE LOGIC\u2122"},"content":{"rendered":"<p>M18 HCC75-0C\/UT BRANCHENMODELL<br \/>\nFORCE LOGIC\u2122 schneidet Kabel in unter 10 Sekunden mit einer Kraft von 77,8 kN; Von MILWAUKEE\u00ae entwickelter und gebauter b\u00fcrstenloser POWERSTATE\u2122-Motor f\u00fcr l\u00e4ngere Lebensdauer und mehr Leistung; Ideal f\u00fcr Aluminium- und Kupferkabel bis zu 75 mm; In-Line-Design f\u00fcr leichteren Zugang in Gr\u00e4ben; Der obere Haltegriff erm\u00f6glicht ausgerichtete und ausgewogene Schnitte; Um 340\u00b0 rotierbarer Kopf, angetrieben durch eine 77,8-kN-Hydraulikpumpe; Das ONE-KEY\u2122 Tracking &amp; Security-System bietet eine kostenlose cloudbasierte Bestandsverwaltungs- und Ortungsplattform sowie Fernsperre und Berichtsfunktionen; B\u00fcrstenloser Motor, REDLINK PLUS\u2122-Elektronik und REDLITHIUM\u2122-Akkupack bieten \u00fcberlegene Leistung und Standzeit; Kompatibel mit allen MILWAUKEE\u00ae M18\u2122-Akkus<\/p>\n<p>4933459268<br \/>\n4058546002343<\/p>\n","protected":false},"excerpt":{"rendered":"<p>M18 HCC75-0C\/UT BRANCHENMODELL<\/p>\n","protected":false},"featured_media":572147,"template":"","meta":{"_seopress_robots_primary_cat":"","_seopress_titles_title":"","_seopress_titles_desc":"","_seopress_robots_index":""},"product_brand":[3656],"product_cat":[5534,169,1454],"product_tag":[3272],"class_list":{"0":"post-831482","1":"product","2":"type-product","3":"status-publish","4":"has-post-thumbnail","6":"product_brand-milwaukee-de","7":"product_cat-verschiedene-maschinen-von-milwaukee","8":"product_cat-maschinen","9":"product_cat-andere-gerate","10":"product_tag-import-milwau-de","11":"sws-conto-ricavi-merci-rivendita-macchinari-de","12":"sws-gruppo-iva-iva81-de","14":"first","15":"onbackorder","16":"sale","17":"shipping-taxable","18":"purchasable","19":"product-type-simple"},"_links":{"self":[{"href":"https:\/\/lucacastelli.com\/de\/wp-json\/wp\/v2\/product\/831482","targetHints":{"allow":["GET"]}}],"collection":[{"href":"https:\/\/lucacastelli.com\/de\/wp-json\/wp\/v2\/product"}],"about":[{"href":"https:\/\/lucacastelli.com\/de\/wp-json\/wp\/v2\/types\/product"}],"wp:featuredmedia":[{"embeddable":true,"href":"https:\/\/lucacastelli.com\/de\/wp-json\/wp\/v2\/media\/572147"}],"wp:attachment":[{"href":"https:\/\/lucacastelli.com\/de\/wp-json\/wp\/v2\/media?parent=831482"}],"wp:term":[{"taxonomy":"product_brand","embeddable":true,"href":"https:\/\/lucacastelli.com\/de\/wp-json\/wp\/v2\/product_brand?post=831482"},{"taxonomy":"product_cat","embeddable":true,"href":"https:\/\/lucacastelli.com\/de\/wp-json\/wp\/v2\/product_cat?post=831482"},{"taxonomy":"product_tag","embeddable":true,"href":"https:\/\/lucacastelli.com\/de\/wp-json\/wp\/v2\/product_tag?post=831482"}],"curies":[{"name":"wp","href":"https:\/\/api.w.org\/{rel}","templated":true}]}}