{"id":831477,"date":"2025-08-08T11:18:31","date_gmt":"2025-08-08T09:18:31","guid":{"rendered":"https:\/\/lucacastelli.com\/prodotto\/milwaukee-wassertank-15-l-m18-switch-tank\/"},"modified":"2025-08-08T11:18:31","modified_gmt":"2025-08-08T09:18:31","slug":"milwaukee-wassertank-15-l-m18-switch-tank","status":"publish","type":"product","link":"https:\/\/lucacastelli.com\/de\/produkt\/milwaukee-wassertank-15-l-m18-switch-tank\/","title":{"rendered":"MILWAUKEE Wassertank 15 L M18\u2122 SWITCH TANK\u2122"},"content":{"rendered":"<p>Wassertank 15 L M18\u2122 SWITCH TANK\u2122<br \/>\nM18 BBPFP2-WST \/ WASSERKANISTER<br \/>\n100% kompatibel mit dem SWITCH TANK\u2122-System der zweiten Generation;Tank f\u00fcr effiziente Wasserversorgung bei Schneid- und Bohrvorg\u00e4ngen in Beton, auch n\u00fctzlich f\u00fcr die Reinigung von verschmutzten Bereichen oder Ger\u00e4ten;Halbtransparenter Tank mit Messskala zur Kontrolle der Fl\u00fcssigkeitsmenge im Tank;Tragegriff am Deckel und breiter Tank erleichtern den Transport und das Einf\u00fcllen der Fl\u00fcssigkeit in den Tank;Austauschbarer Schlauch mit Schnellkupplung f\u00fcr Standard-Gartenschl\u00e4uche und Spr\u00fchd\u00fcse &#8211; l\u00e4sst sich einfach an Ger\u00e4te f\u00fcr Beton-Schneid- und Bohrarbeiten anschlie\u00dfen. Auch kompatibel mit Standard-Gartend\u00fcsenzubeh\u00f6r;Der integrierte Filter verhindert das Eindringen von Schmutz in den Tank <\/p>\n<p>4933498965<br \/>\n4058546528348<\/p>\n","protected":false},"excerpt":{"rendered":"<p>M18 BBPFP2-WST \/ WASSERKANISTER<\/p>\n","protected":false},"featured_media":591105,"template":"","meta":{"_seopress_robots_primary_cat":"","_seopress_titles_title":"","_seopress_titles_desc":"","_seopress_robots_index":""},"product_brand":[3656],"product_cat":[169,1517,1566],"product_tag":[3272],"class_list":{"0":"post-831477","1":"product","2":"type-product","3":"status-publish","4":"has-post-thumbnail","6":"product_brand-milwaukee-de","7":"product_cat-maschinen","8":"product_cat-spruhgerate","9":"product_cat-nebelgeblase-und-spruhgerate","10":"product_tag-import-milwau-de","11":"sws-conto-ricavi-merci-rivendita-macchinari-de","12":"sws-gruppo-iva-iva81-de","14":"first","15":"onbackorder","16":"sale","17":"shipping-taxable","18":"purchasable","19":"product-type-simple"},"_links":{"self":[{"href":"https:\/\/lucacastelli.com\/de\/wp-json\/wp\/v2\/product\/831477","targetHints":{"allow":["GET"]}}],"collection":[{"href":"https:\/\/lucacastelli.com\/de\/wp-json\/wp\/v2\/product"}],"about":[{"href":"https:\/\/lucacastelli.com\/de\/wp-json\/wp\/v2\/types\/product"}],"wp:featuredmedia":[{"embeddable":true,"href":"https:\/\/lucacastelli.com\/de\/wp-json\/wp\/v2\/media\/591105"}],"wp:attachment":[{"href":"https:\/\/lucacastelli.com\/de\/wp-json\/wp\/v2\/media?parent=831477"}],"wp:term":[{"taxonomy":"product_brand","embeddable":true,"href":"https:\/\/lucacastelli.com\/de\/wp-json\/wp\/v2\/product_brand?post=831477"},{"taxonomy":"product_cat","embeddable":true,"href":"https:\/\/lucacastelli.com\/de\/wp-json\/wp\/v2\/product_cat?post=831477"},{"taxonomy":"product_tag","embeddable":true,"href":"https:\/\/lucacastelli.com\/de\/wp-json\/wp\/v2\/product_tag?post=831477"}],"curies":[{"name":"wp","href":"https:\/\/api.w.org\/{rel}","templated":true}]}}