{"id":831468,"date":"2025-08-07T20:29:08","date_gmt":"2025-08-07T18:29:08","guid":{"rendered":"https:\/\/lucacastelli.com\/prodotto\/milwaukee-doppelringschluessel-tief-gekroepft\/"},"modified":"2025-08-07T20:29:08","modified_gmt":"2025-08-07T18:29:08","slug":"milwaukee-doppelringschluessel-tief-gekroepft","status":"publish","type":"product","link":"https:\/\/lucacastelli.com\/de\/produkt\/milwaukee-doppelringschluessel-tief-gekroepft\/","title":{"rendered":"MILWAUKEE Doppelringschl\u00fcssel, tief gekr\u00f6pft"},"content":{"rendered":"<p>DOPPELRINGSCHL\u00dcSSEL, TIEF GEKR\u00d6PFT 20&#215;22 mm<br \/>\nUm 75 Grad versetzter Kopf f\u00fcr besseren Zugang an engen Stellen;Abgerundeter, ergonomischer Griff f\u00fcr maximale Drehmoment\u00fcbertragung;Laserbeschriftung mit Tinte f\u00fcr bessere Sichtbarkeit der Gr\u00f6\u00dfe;Verchromte Oberfl\u00e4che<\/p>\n<p>4932492749<br \/>\n4058546476205<\/p>\n","protected":false},"excerpt":{"rendered":"<p>DOPPELRINGSCHL\u00dcSSEL, TIEF GEKR\u00d6PFT 20&#215;22 mm<\/p>\n","protected":false},"featured_media":558319,"template":"","meta":{"_seopress_robots_primary_cat":"","_seopress_titles_title":"","_seopress_titles_desc":"","_seopress_robots_index":""},"product_brand":[3407],"product_cat":[5416,33],"product_tag":[3270],"class_list":{"0":"post-831468","1":"product","2":"type-product","3":"status-publish","4":"has-post-thumbnail","6":"product_brand-milwaukee","7":"product_cat-utensili-per-officina","8":"product_cat-attrezzature","9":"product_tag-import-milwau","10":"sws-conto-ricavi-merci-rivendita-macchinari-de","11":"sws-gruppo-iva-iva81-de","13":"first","14":"onbackorder","15":"sale","16":"shipping-taxable","17":"purchasable","18":"product-type-simple"},"_links":{"self":[{"href":"https:\/\/lucacastelli.com\/de\/wp-json\/wp\/v2\/product\/831468","targetHints":{"allow":["GET"]}}],"collection":[{"href":"https:\/\/lucacastelli.com\/de\/wp-json\/wp\/v2\/product"}],"about":[{"href":"https:\/\/lucacastelli.com\/de\/wp-json\/wp\/v2\/types\/product"}],"wp:featuredmedia":[{"embeddable":true,"href":"https:\/\/lucacastelli.com\/de\/wp-json\/wp\/v2\/media\/558319"}],"wp:attachment":[{"href":"https:\/\/lucacastelli.com\/de\/wp-json\/wp\/v2\/media?parent=831468"}],"wp:term":[{"taxonomy":"product_brand","embeddable":true,"href":"https:\/\/lucacastelli.com\/de\/wp-json\/wp\/v2\/product_brand?post=831468"},{"taxonomy":"product_cat","embeddable":true,"href":"https:\/\/lucacastelli.com\/de\/wp-json\/wp\/v2\/product_cat?post=831468"},{"taxonomy":"product_tag","embeddable":true,"href":"https:\/\/lucacastelli.com\/de\/wp-json\/wp\/v2\/product_tag?post=831468"}],"curies":[{"name":"wp","href":"https:\/\/api.w.org\/{rel}","templated":true}]}}