{"id":831459,"date":"2025-08-07T20:29:28","date_gmt":"2025-08-07T18:29:28","guid":{"rendered":"https:\/\/lucacastelli.com\/prodotto\/milwaukee-doppel-ringschluessel-gebogen-2\/"},"modified":"2025-08-07T20:29:28","modified_gmt":"2025-08-07T18:29:28","slug":"milwaukee-doppel-ringschluessel-gebogen-2","status":"publish","type":"product","link":"https:\/\/lucacastelli.com\/de\/produkt\/milwaukee-doppel-ringschluessel-gebogen-2\/","title":{"rendered":"MILWAUKEE Doppel-Ringschl\u00fcssel, gebogen"},"content":{"rendered":"<p>DOPPEL-RINGSCHL\u00dcSSEL GEBOGEN 22&#215;24 mm<br \/>\n75 Grad abgewinkelter Griff f\u00fcr besseren Zugang in engen R\u00e4umen;Abgerundeter, ergonomischer Griff f\u00fcr maximales Drehmoment;Lasermarkierung mit Tinte nachgezogen f\u00fcr bessere Sichtbarkeit der Gr\u00f6\u00dfe;Verchromte Oberfl\u00e4che<\/p>\n<p>4932492751<br \/>\n4058546476229<\/p>\n","protected":false},"excerpt":{"rendered":"<p>DOPPEL-RINGSCHL\u00dcSSEL GEBOGEN 22&#215;24 mm<\/p>\n","protected":false},"featured_media":558353,"template":"","meta":{"_seopress_robots_primary_cat":"","_seopress_titles_title":"","_seopress_titles_desc":"","_seopress_robots_index":""},"product_brand":[3407],"product_cat":[5416,33],"product_tag":[3270],"class_list":{"0":"post-831459","1":"product","2":"type-product","3":"status-publish","4":"has-post-thumbnail","6":"product_brand-milwaukee","7":"product_cat-utensili-per-officina","8":"product_cat-attrezzature","9":"product_tag-import-milwau","10":"sws-conto-ricavi-merci-rivendita-macchinari-de","11":"sws-gruppo-iva-iva81-de","13":"first","14":"onbackorder","15":"sale","16":"shipping-taxable","17":"purchasable","18":"product-type-simple"},"_links":{"self":[{"href":"https:\/\/lucacastelli.com\/de\/wp-json\/wp\/v2\/product\/831459","targetHints":{"allow":["GET"]}}],"collection":[{"href":"https:\/\/lucacastelli.com\/de\/wp-json\/wp\/v2\/product"}],"about":[{"href":"https:\/\/lucacastelli.com\/de\/wp-json\/wp\/v2\/types\/product"}],"wp:featuredmedia":[{"embeddable":true,"href":"https:\/\/lucacastelli.com\/de\/wp-json\/wp\/v2\/media\/558353"}],"wp:attachment":[{"href":"https:\/\/lucacastelli.com\/de\/wp-json\/wp\/v2\/media?parent=831459"}],"wp:term":[{"taxonomy":"product_brand","embeddable":true,"href":"https:\/\/lucacastelli.com\/de\/wp-json\/wp\/v2\/product_brand?post=831459"},{"taxonomy":"product_cat","embeddable":true,"href":"https:\/\/lucacastelli.com\/de\/wp-json\/wp\/v2\/product_cat?post=831459"},{"taxonomy":"product_tag","embeddable":true,"href":"https:\/\/lucacastelli.com\/de\/wp-json\/wp\/v2\/product_tag?post=831459"}],"curies":[{"name":"wp","href":"https:\/\/api.w.org\/{rel}","templated":true}]}}