{"id":831456,"date":"2025-08-08T11:18:32","date_gmt":"2025-08-08T09:18:32","guid":{"rendered":"https:\/\/lucacastelli.com\/prodotto\/milwaukee-15-l-tank-fuer-chemikalien-m18-switch-tank\/"},"modified":"2025-08-08T11:18:32","modified_gmt":"2025-08-08T09:18:32","slug":"milwaukee-15-l-tank-fuer-chemikalien-m18-switch-tank","status":"publish","type":"product","link":"https:\/\/lucacastelli.com\/de\/produkt\/milwaukee-15-l-tank-fuer-chemikalien-m18-switch-tank\/","title":{"rendered":"MILWAUKEE 15-L-Tank f\u00fcr Chemikalien M18\u2122 SWITCH TANK\u2122"},"content":{"rendered":"<p>15-L-Tank f\u00fcr Chemikalien M18\u2122 SWITCH TANK\u2122<br \/>\nM18 BBPFP2-CST \/ CHEMIKALIENTANK<br \/>\n100% kompatibel mit dem SWITCH TANK\u2122-System der zweiten Generation; Maximale vertikale Spr\u00fchweite 7,4 m, mit einstellbarer Durchflussmenge &#8211; von Kegel bis Direktstrahl je nach Anwenderpr\u00e4ferenz oder Anwendung; Tank geeignet f\u00fcr Pestizide, D\u00fcngemittel, Behandlungsmittel, Herbizide, Fungizide, Insektizide, Frostschutzmittel und andere; Halbtransparenter Tank mit Messskala zur Kenntnis der Fl\u00fcssigkeitsmenge im Tank; Tragegriff am Deckel und breiter Tank erleichtern den Transport und das Einf\u00fcllen der Fl\u00fcssigkeit in den Tank; Spr\u00fchlanze mit ergonomischem Gummigriff mit Arretierm\u00f6glichkeit f\u00fcr Arbeiten gro\u00dfen Umfangs; Aufbewahrungsplatz f\u00fcr die Spr\u00fchlanze zur Platzersparnis und Vermeidung von Transportsch\u00e4den; Der integrierte Filter verhindert das Eindringen von Verunreinigungen in den Tank<\/p>\n<p>4933498964<br \/>\n4058546528331<\/p>\n","protected":false},"excerpt":{"rendered":"<p>M18 BBPFP2-CST \/ CHEMIKALIENTANK<\/p>\n","protected":false},"featured_media":591130,"template":"","meta":{"_seopress_robots_primary_cat":"","_seopress_titles_title":"","_seopress_titles_desc":"","_seopress_robots_index":""},"product_brand":[3656],"product_cat":[169,1517,1566],"product_tag":[3272],"class_list":{"0":"post-831456","1":"product","2":"type-product","3":"status-publish","4":"has-post-thumbnail","6":"product_brand-milwaukee-de","7":"product_cat-maschinen","8":"product_cat-spruhgerate","9":"product_cat-nebelgeblase-und-spruhgerate","10":"product_tag-import-milwau-de","11":"sws-conto-ricavi-merci-rivendita-macchinari-de","12":"sws-gruppo-iva-iva81-de","14":"first","15":"onbackorder","16":"sale","17":"shipping-taxable","18":"purchasable","19":"product-type-simple"},"_links":{"self":[{"href":"https:\/\/lucacastelli.com\/de\/wp-json\/wp\/v2\/product\/831456","targetHints":{"allow":["GET"]}}],"collection":[{"href":"https:\/\/lucacastelli.com\/de\/wp-json\/wp\/v2\/product"}],"about":[{"href":"https:\/\/lucacastelli.com\/de\/wp-json\/wp\/v2\/types\/product"}],"wp:featuredmedia":[{"embeddable":true,"href":"https:\/\/lucacastelli.com\/de\/wp-json\/wp\/v2\/media\/591130"}],"wp:attachment":[{"href":"https:\/\/lucacastelli.com\/de\/wp-json\/wp\/v2\/media?parent=831456"}],"wp:term":[{"taxonomy":"product_brand","embeddable":true,"href":"https:\/\/lucacastelli.com\/de\/wp-json\/wp\/v2\/product_brand?post=831456"},{"taxonomy":"product_cat","embeddable":true,"href":"https:\/\/lucacastelli.com\/de\/wp-json\/wp\/v2\/product_cat?post=831456"},{"taxonomy":"product_tag","embeddable":true,"href":"https:\/\/lucacastelli.com\/de\/wp-json\/wp\/v2\/product_tag?post=831456"}],"curies":[{"name":"wp","href":"https:\/\/api.w.org\/{rel}","templated":true}]}}