{"id":831447,"date":"2025-08-07T20:29:36","date_gmt":"2025-08-07T18:29:36","guid":{"rendered":"https:\/\/lucacastelli.com\/prodotto\/milwaukee-kompaktes-klappmesser-2\/"},"modified":"2025-08-07T20:29:36","modified_gmt":"2025-08-07T18:29:36","slug":"milwaukee-kompaktes-klappmesser-2","status":"publish","type":"product","link":"https:\/\/lucacastelli.com\/de\/produkt\/milwaukee-kompaktes-klappmesser-2\/","title":{"rendered":"MILWAUKEE Kompaktes Klappmesser"},"content":{"rendered":"<p>KOMPAKTES KLAPPMESSER MIT WECHSELKLINGE<br \/>\nVereinfachtes \u00d6ffnen \u00fcber die entsprechende Taste;Klingenwechsel: \u00dcber Taste ist der Klingenwechsel schnell und einfach f\u00fcr maximale Schneidleistung;Kompakt und leicht f\u00fcr einfache Aufbewahrung in den Taschen des Benutzers;G\u00fcrtelclip;\u00d6se f\u00fcr Schlaufe zur Verlustsicherung;M\u00f6glichkeit zur Montage von Standardklingen<\/p>\n<p>4932471356<br \/>\n4058546289843<\/p>\n","protected":false},"excerpt":{"rendered":"<p>KOMPAKTES KLAPPMESSER MIT WECHSELKLINGE<\/p>\n","protected":false},"featured_media":549459,"template":"","meta":{"_seopress_robots_primary_cat":"","_seopress_titles_title":"","_seopress_titles_desc":"","_seopress_robots_index":""},"product_brand":[3407],"product_cat":[5416,33],"product_tag":[3270],"class_list":{"0":"post-831447","1":"product","2":"type-product","3":"status-publish","4":"has-post-thumbnail","6":"product_brand-milwaukee","7":"product_cat-utensili-per-officina","8":"product_cat-attrezzature","9":"product_tag-import-milwau","10":"sws-conto-ricavi-merci-rivendita-macchinari-de","11":"sws-gruppo-iva-iva81-de","13":"first","14":"onbackorder","15":"sale","16":"shipping-taxable","17":"purchasable","18":"product-type-simple"},"_links":{"self":[{"href":"https:\/\/lucacastelli.com\/de\/wp-json\/wp\/v2\/product\/831447","targetHints":{"allow":["GET"]}}],"collection":[{"href":"https:\/\/lucacastelli.com\/de\/wp-json\/wp\/v2\/product"}],"about":[{"href":"https:\/\/lucacastelli.com\/de\/wp-json\/wp\/v2\/types\/product"}],"wp:featuredmedia":[{"embeddable":true,"href":"https:\/\/lucacastelli.com\/de\/wp-json\/wp\/v2\/media\/549459"}],"wp:attachment":[{"href":"https:\/\/lucacastelli.com\/de\/wp-json\/wp\/v2\/media?parent=831447"}],"wp:term":[{"taxonomy":"product_brand","embeddable":true,"href":"https:\/\/lucacastelli.com\/de\/wp-json\/wp\/v2\/product_brand?post=831447"},{"taxonomy":"product_cat","embeddable":true,"href":"https:\/\/lucacastelli.com\/de\/wp-json\/wp\/v2\/product_cat?post=831447"},{"taxonomy":"product_tag","embeddable":true,"href":"https:\/\/lucacastelli.com\/de\/wp-json\/wp\/v2\/product_tag?post=831447"}],"curies":[{"name":"wp","href":"https:\/\/api.w.org\/{rel}","templated":true}]}}