{"id":831444,"date":"2025-08-07T20:29:51","date_gmt":"2025-08-07T18:29:51","guid":{"rendered":"https:\/\/lucacastelli.com\/prodotto\/milwaukee-klappmesser-sport-camouflage\/"},"modified":"2025-08-07T20:29:51","modified_gmt":"2025-08-07T18:29:51","slug":"milwaukee-klappmesser-sport-camouflage","status":"publish","type":"product","link":"https:\/\/lucacastelli.com\/de\/produkt\/milwaukee-klappmesser-sport-camouflage\/","title":{"rendered":"MILWAUKEE Klappmesser Sport Camouflage"},"content":{"rendered":"<p>KLAPPMESSER &#8220;SPORT&#8221; CAMOUFLAGE<br \/>\n\u00d6ffnungstaste erm\u00f6glicht einh\u00e4ndige Bedienung;Klinge aus Edelstahl. Erm\u00f6glicht mehrfaches Nachsch\u00e4rfen der Klinge;Der Bolzen sichert die Klinge in ge\u00f6ffneter Position;G\u00fcrtelclip f\u00fcr schnellen Zugriff ohne Besch\u00e4digung der Taschen;\u00d6se f\u00fcr Schlaufe;Kompakte Abmessungen, einfach in der Werkzeugtasche zu verstauen <\/p>\n<p>4932492375<br \/>\n4058546417420<\/p>\n","protected":false},"excerpt":{"rendered":"<p>KLAPPMESSER &#8220;SPORT&#8221; CAMOUFLAGE<\/p>\n","protected":false},"featured_media":556131,"template":"","meta":{"_seopress_robots_primary_cat":"","_seopress_titles_title":"","_seopress_titles_desc":"","_seopress_robots_index":""},"product_brand":[3656],"product_cat":[5529,150],"product_tag":[3272],"class_list":{"0":"post-831444","1":"product","2":"type-product","3":"status-publish","4":"has-post-thumbnail","6":"product_brand-milwaukee-de","7":"product_cat-workshop-tools","8":"product_cat-ausrustung","9":"product_tag-import-milwau-de","10":"sws-conto-ricavi-merci-rivendita-macchinari-de","11":"sws-gruppo-iva-iva81-de","13":"first","14":"onbackorder","15":"sale","16":"shipping-taxable","17":"purchasable","18":"product-type-simple"},"_links":{"self":[{"href":"https:\/\/lucacastelli.com\/de\/wp-json\/wp\/v2\/product\/831444","targetHints":{"allow":["GET"]}}],"collection":[{"href":"https:\/\/lucacastelli.com\/de\/wp-json\/wp\/v2\/product"}],"about":[{"href":"https:\/\/lucacastelli.com\/de\/wp-json\/wp\/v2\/types\/product"}],"wp:featuredmedia":[{"embeddable":true,"href":"https:\/\/lucacastelli.com\/de\/wp-json\/wp\/v2\/media\/556131"}],"wp:attachment":[{"href":"https:\/\/lucacastelli.com\/de\/wp-json\/wp\/v2\/media?parent=831444"}],"wp:term":[{"taxonomy":"product_brand","embeddable":true,"href":"https:\/\/lucacastelli.com\/de\/wp-json\/wp\/v2\/product_brand?post=831444"},{"taxonomy":"product_cat","embeddable":true,"href":"https:\/\/lucacastelli.com\/de\/wp-json\/wp\/v2\/product_cat?post=831444"},{"taxonomy":"product_tag","embeddable":true,"href":"https:\/\/lucacastelli.com\/de\/wp-json\/wp\/v2\/product_tag?post=831444"}],"curies":[{"name":"wp","href":"https:\/\/api.w.org\/{rel}","templated":true}]}}