{"id":831183,"date":"2026-04-16T06:20:34","date_gmt":"2026-04-16T04:20:34","guid":{"rendered":"https:\/\/lucacastelli.com\/prodotto\/crazy-jkt-avenger-light\/"},"modified":"2026-04-16T06:20:34","modified_gmt":"2026-04-16T04:20:34","slug":"crazy-jkt-avenger-light","status":"publish","type":"product","link":"https:\/\/lucacastelli.com\/de\/produkt\/crazy-jkt-avenger-light\/","title":{"rendered":"CRAZY JKT AVENGER LIGHT"},"content":{"rendered":"<p>Produktbeschreibung<\/p>\n<p>Die Jacket Avenger stellt die Weiterentwicklung eines der ikonischsten Kleidungsst\u00fccke der CRAZY-Kollektion dar, jetzt mit einem noch klareren und moderneren Design.<\/p>\n<p>Konzipiert f\u00fcr moderate W\u00e4rme und vollst\u00e4ndigen Windschutz, ist sie die ideale Wahl f\u00fcr Outdoor-Aktivit\u00e4ten und den t\u00e4glichen Gebrauch in den \u00dcbergangszeiten.<\/p>\n<p>Vollst\u00e4ndig aus Endurance Light-Gewebe gefertigt, vereint sie Leichtigkeit, Widerstandsf\u00e4higkeit und Komfort. Die DWR-Behandlung (wasserabweisend) sch\u00fctzt vor leichter Feuchtigkeit, w\u00e4hrend die bi-elastische Struktur maximale Bewegungsfreiheit auch unter den dynamischsten Bedingungen garantiert. <\/p>\n<p>Hauptmerkmale<br \/>\nTechnisches Endurance Light-Gewebe \u2013 leicht, widerstandsf\u00e4hig und bi-elastisch<br \/>\nDWR-Behandlung f\u00fcr erh\u00f6hte Wasserabweisung<br \/>\nEffektiver Windschutz<br \/>\nErgonomische Kapuze mit elastischem Rand<br \/>\nVollst\u00e4ndig teilbarer Frontreissverschluss mit Schutzleiste<br \/>\nSeitentaschen und Brusttasche mit reflektierenden Details<br \/>\nFlachn\u00e4hte in Kontrastfarbe<br \/>\nReflektierende Logos f\u00fcr bessere Sichtbarkeit<br \/>\nSaum mit elastischem Rand<br \/>\nIdeal f\u00fcr<br \/>\nTrekking und Outdoor-Aktivit\u00e4ten<br \/>\nT\u00e4glichen Gebrauch in den \u00dcbergangszeiten<br \/>\nSchutz vor Wind und wechselnden Bedingungen<\/p>\n","protected":false},"excerpt":{"rendered":"<p>Produktbeschreibung Die Jacket Avenger stellt die Weiterentwicklung eines der ikonischsten Kleidungsst\u00fccke der CRAZY-Kollektion dar, jetzt mit einem noch klareren und<\/p>\n","protected":false},"featured_media":831186,"template":"","meta":{"_seopress_robots_primary_cat":"none","_seopress_titles_title":"","_seopress_titles_desc":"","_seopress_robots_index":""},"product_brand":[3614],"product_cat":[974,975,82],"product_tag":[],"class_list":{"0":"post-831183","1":"product","2":"type-product","3":"status-publish","4":"has-post-thumbnail","6":"product_brand-crazy-de","7":"product_cat-freizeitkleidung","8":"product_cat-herrenbekleidung","9":"product_cat-kleidung","10":"sws-gruppo-abb-libero-de","11":"sws-conto-ricavi-merci-rivendita-abbigliamento-de","12":"sws-gruppo-iva-iva81-de","14":"first","15":"instock","16":"sale","17":"shipping-taxable","18":"product-type-variable","19":"has-default-attributes"},"_links":{"self":[{"href":"https:\/\/lucacastelli.com\/de\/wp-json\/wp\/v2\/product\/831183","targetHints":{"allow":["GET"]}}],"collection":[{"href":"https:\/\/lucacastelli.com\/de\/wp-json\/wp\/v2\/product"}],"about":[{"href":"https:\/\/lucacastelli.com\/de\/wp-json\/wp\/v2\/types\/product"}],"wp:featuredmedia":[{"embeddable":true,"href":"https:\/\/lucacastelli.com\/de\/wp-json\/wp\/v2\/media\/831186"}],"wp:attachment":[{"href":"https:\/\/lucacastelli.com\/de\/wp-json\/wp\/v2\/media?parent=831183"}],"wp:term":[{"taxonomy":"product_brand","embeddable":true,"href":"https:\/\/lucacastelli.com\/de\/wp-json\/wp\/v2\/product_brand?post=831183"},{"taxonomy":"product_cat","embeddable":true,"href":"https:\/\/lucacastelli.com\/de\/wp-json\/wp\/v2\/product_cat?post=831183"},{"taxonomy":"product_tag","embeddable":true,"href":"https:\/\/lucacastelli.com\/de\/wp-json\/wp\/v2\/product_tag?post=831183"}],"curies":[{"name":"wp","href":"https:\/\/api.w.org\/{rel}","templated":true}]}}