{"id":831179,"date":"2026-04-16T06:47:42","date_gmt":"2026-04-16T04:47:42","guid":{"rendered":"https:\/\/lucacastelli.com\/prodotto\/crazy-jkt-legend-shell\/"},"modified":"2026-04-16T06:47:42","modified_gmt":"2026-04-16T04:47:42","slug":"crazy-jkt-legend-shell","status":"publish","type":"product","link":"https:\/\/lucacastelli.com\/de\/produkt\/crazy-jkt-legend-shell\/","title":{"rendered":"CRAZY JKT LEGEND SHELL"},"content":{"rendered":"<p>Produktbeschreibung<\/p>\n<p>Die Jacket Legend Shell vereint technische Funktionalit\u00e4t perfekt mit markantem Design und bietet eine wasserdichte Hardshell, die ideal f\u00fcr Outdoor-Aktivit\u00e4ten sowie den t\u00e4glichen Gebrauch ist.<\/p>\n<p>Ausgestattet mit einer Membran mit einer Wassers\u00e4ule von bis zu 20.000 mm und versiegelten N\u00e4hten im oberen Bereich, garantiert sie effektiven Schutz vor Regen und Wind. Die Softshell-Konstruktion mit X-Buckler-Membran sorgt zudem f\u00fcr Elastizit\u00e4t und Komfort, was das Kleidungsst\u00fcck vielseitig und angenehm tragbar macht. <\/p>\n<p>Das Design mit All-over-Prints verleiht einen einzigartigen und wiedererkennbaren Stil, ohne die technische Leistung zu beeintr\u00e4chtigen. Perfekt f\u00fcr Trekking im Regen oder als sch\u00fctzende Jacke f\u00fcr jeden Tag. <\/p>\n<p>Hauptmerkmale<br \/>\nWasserdichtigkeit 20.000 mm mit technischer Membran<br \/>\nVersiegelte N\u00e4hte im oberen Bereich f\u00fcr mehr Schutz<br \/>\nElastisches und komfortables Softshell-Gewebe mit X-Buckler-Membran<br \/>\nKapuze mit elastischem Rand<br \/>\nFrontrei\u00dfverschluss mit Schutzflap<br \/>\nSeitentaschen mit Rei\u00dfverschluss<br \/>\nAll-over-Prints mit markantem Design<br \/>\nIdeal f\u00fcr<br \/>\nTrekking und Outdoor-Aktivit\u00e4ten im Regen<br \/>\nT\u00e4gliche Nutzung mit technischem Stil<br \/>\nSchutz vor Wind und wechselhaften Wetterbedingungen<\/p>\n","protected":false},"excerpt":{"rendered":"<p>Produktbeschreibung Die Jacket Legend Shell vereint technische Funktionalit\u00e4t perfekt mit markantem Design und bietet eine wasserdichte Hardshell, die ideal f\u00fcr<\/p>\n","protected":false},"featured_media":831180,"template":"","meta":{"_seopress_robots_primary_cat":"none","_seopress_titles_title":"","_seopress_titles_desc":"","_seopress_robots_index":""},"product_brand":[3614],"product_cat":[974,975,82],"product_tag":[],"class_list":{"0":"post-831179","1":"product","2":"type-product","3":"status-publish","4":"has-post-thumbnail","6":"product_brand-crazy-de","7":"product_cat-freizeitkleidung","8":"product_cat-herrenbekleidung","9":"product_cat-kleidung","10":"sws-gruppo-abb-libero-de","11":"sws-conto-ricavi-merci-rivendita-abbigliamento-de","12":"sws-gruppo-iva-iva81-de","14":"first","15":"instock","16":"sale","17":"shipping-taxable","18":"product-type-variable","19":"has-default-attributes"},"_links":{"self":[{"href":"https:\/\/lucacastelli.com\/de\/wp-json\/wp\/v2\/product\/831179","targetHints":{"allow":["GET"]}}],"collection":[{"href":"https:\/\/lucacastelli.com\/de\/wp-json\/wp\/v2\/product"}],"about":[{"href":"https:\/\/lucacastelli.com\/de\/wp-json\/wp\/v2\/types\/product"}],"wp:featuredmedia":[{"embeddable":true,"href":"https:\/\/lucacastelli.com\/de\/wp-json\/wp\/v2\/media\/831180"}],"wp:attachment":[{"href":"https:\/\/lucacastelli.com\/de\/wp-json\/wp\/v2\/media?parent=831179"}],"wp:term":[{"taxonomy":"product_brand","embeddable":true,"href":"https:\/\/lucacastelli.com\/de\/wp-json\/wp\/v2\/product_brand?post=831179"},{"taxonomy":"product_cat","embeddable":true,"href":"https:\/\/lucacastelli.com\/de\/wp-json\/wp\/v2\/product_cat?post=831179"},{"taxonomy":"product_tag","embeddable":true,"href":"https:\/\/lucacastelli.com\/de\/wp-json\/wp\/v2\/product_tag?post=831179"}],"curies":[{"name":"wp","href":"https:\/\/api.w.org\/{rel}","templated":true}]}}