{"id":831162,"date":"2026-04-16T07:15:52","date_gmt":"2026-04-16T05:15:52","guid":{"rendered":"https:\/\/lucacastelli.com\/prodotto\/crazy-pant-resolution-light-2\/"},"modified":"2026-04-16T07:15:52","modified_gmt":"2026-04-16T05:15:52","slug":"crazy-pant-resolution-light-2","status":"publish","type":"product","link":"https:\/\/lucacastelli.com\/de\/produkt\/crazy-pant-resolution-light-2\/","title":{"rendered":"CRAZY PANT RESOLUTION LIGHT"},"content":{"rendered":"<p>Produktbeschreibung<\/p>\n<p>Die Pant Resolution ist eines der meistverkauften Produkte der Kollektion Crazy und geh\u00f6rt zur ikonischen Linie Resolution. Eine technische Hose, die die Evolution des Bergstils darstellt, dank modernem und unverwechselbarem Design kombiniert mit hoher Leistung. <\/p>\n<p>Hergestellt aus Endurance Light-Gewebe, ist sie bi-elastisch, leicht und k\u00fchl und garantiert Komfort auch bei intensiven Aktivit\u00e4ten. Die hohe Abriebfestigkeit macht sie ideal f\u00fcr den Einsatz in anspruchsvollen Outdoor-Umgebungen. <\/p>\n<p>Die Passform wird durch den elastischen Bund und die Struktur mit Front\u00f6ffnung und hochfesten Druckkn\u00f6pfen optimiert. Die Taschen mit Rei\u00dfverschluss gew\u00e4hrleisten Praktikabilit\u00e4t und Sicherheit bei jeder Aktivit\u00e4t. <\/p>\n<p>Hauptmerkmale<br \/>\nTechnisches Endurance Light-Gewebe, leicht, elastisch und widerstandsf\u00e4hig<br \/>\nElastischer Bund f\u00fcr mehr Komfort<br \/>\n\u00d6ffnung mit ultraflachen, hochfesten Druckkn\u00f6pfen<br \/>\nG\u00fcrtelschlaufen<br \/>\nLasergeschnittene Seitentaschen mit eingeklebtem Rei\u00dfverschluss<br \/>\nAufgesetzte Oberschenkeltasche mit eingeklebtem Rei\u00dfverschluss<br \/>\nVerstellbarer Beinabschluss mit Knopf<br \/>\nInnendruck am Bund<br \/>\nReflektierende Logos f\u00fcr bessere Sichtbarkeit<br \/>\nIdeal f\u00fcr<br \/>\nTrekking und Outdoor-Aktivit\u00e4ten<br \/>\nTechnischer Einsatz in den Bergen<br \/>\nDynamische Aktivit\u00e4ten unter wechselnden Bedingungen<\/p>\n","protected":false},"excerpt":{"rendered":"<p>Produktbeschreibung Die Pant Resolution ist eines der meistverkauften Produkte der Kollektion Crazy und geh\u00f6rt zur ikonischen Linie Resolution. Eine technische<\/p>\n","protected":false},"featured_media":831164,"template":"","meta":{"_seopress_robots_primary_cat":"none","_seopress_titles_title":"","_seopress_titles_desc":"","_seopress_robots_index":""},"product_brand":[3614],"product_cat":[974,975,82],"product_tag":[],"class_list":{"0":"post-831162","1":"product","2":"type-product","3":"status-publish","4":"has-post-thumbnail","6":"product_brand-crazy-de","7":"product_cat-freizeitkleidung","8":"product_cat-herrenbekleidung","9":"product_cat-kleidung","10":"sws-gruppo-abb-libero-de","11":"sws-conto-ricavi-merci-rivendita-abbigliamento-de","12":"sws-gruppo-iva-iva81-de","14":"first","15":"instock","16":"sale","17":"shipping-taxable","18":"purchasable","19":"product-type-variable","20":"has-default-attributes"},"_links":{"self":[{"href":"https:\/\/lucacastelli.com\/de\/wp-json\/wp\/v2\/product\/831162","targetHints":{"allow":["GET"]}}],"collection":[{"href":"https:\/\/lucacastelli.com\/de\/wp-json\/wp\/v2\/product"}],"about":[{"href":"https:\/\/lucacastelli.com\/de\/wp-json\/wp\/v2\/types\/product"}],"wp:featuredmedia":[{"embeddable":true,"href":"https:\/\/lucacastelli.com\/de\/wp-json\/wp\/v2\/media\/831164"}],"wp:attachment":[{"href":"https:\/\/lucacastelli.com\/de\/wp-json\/wp\/v2\/media?parent=831162"}],"wp:term":[{"taxonomy":"product_brand","embeddable":true,"href":"https:\/\/lucacastelli.com\/de\/wp-json\/wp\/v2\/product_brand?post=831162"},{"taxonomy":"product_cat","embeddable":true,"href":"https:\/\/lucacastelli.com\/de\/wp-json\/wp\/v2\/product_cat?post=831162"},{"taxonomy":"product_tag","embeddable":true,"href":"https:\/\/lucacastelli.com\/de\/wp-json\/wp\/v2\/product_tag?post=831162"}],"curies":[{"name":"wp","href":"https:\/\/api.w.org\/{rel}","templated":true}]}}