{"id":831152,"date":"2026-04-16T06:28:03","date_gmt":"2026-04-16T04:28:03","guid":{"rendered":"https:\/\/lucacastelli.com\/prodotto\/crazy-vest-avenger-light\/"},"modified":"2026-04-16T06:28:03","modified_gmt":"2026-04-16T04:28:03","slug":"crazy-vest-avenger-light","status":"publish","type":"product","link":"https:\/\/lucacastelli.com\/de\/produkt\/crazy-vest-avenger-light\/","title":{"rendered":"CRAZY VEST AVENGER LIGHT"},"content":{"rendered":"<p>Produktbeschreibung<\/p>\n<p>Die Vest Avenger ist die Weiterentwicklung eines der ikonischsten Kleidungsst\u00fccke von CRAZY: eine technische Hybrid-Weste, die f\u00fcr Bergaktivit\u00e4ten mittlerer bis hoher Intensit\u00e4t entwickelt wurde. Das Design wurde mit einem schlichteren und moderneren Stil aktualisiert, wobei die technische Identit\u00e4t des Modells beibehalten wurde. <\/p>\n<p>Sie bietet moderate W\u00e4rme sowie vollst\u00e4ndigen Windschutz und ist ideal als vielseitige Schicht bei dynamischen Aktivit\u00e4ten.<\/p>\n<p>Hergestellt aus Endurance Light-Gewebe mit DWR-Behandlung (wasserabweisend), garantiert sie Schutz vor leichter Feuchtigkeit und wechselnden Bedingungen. Das bi-elastische Material sorgt f\u00fcr optimale Bewegungsfreiheit, w\u00e4hrend seine Strapazierf\u00e4higkeit sie perfekt f\u00fcr den intensiven Einsatz macht. <\/p>\n<p>Der eng anliegende Stehkragen und die technische Konstruktion vervollst\u00e4ndigen ein funktionelles, praktisches und leistungsstarkes Kleidungsst\u00fcck.<\/p>\n<p>Hauptmerkmale<br \/>\nStrapazierf\u00e4higes und bi-elastisches Endurance Light-Funktionsgewebe<br \/>\nDWR-Behandlung f\u00fcr verbesserte Wasserabweisung<br \/>\nEffektiver Windschutz<br \/>\nEng anliegender Stehkragen f\u00fcr mehr W\u00e4rmekomfort<br \/>\nDurchgehender Front-Rei\u00dfverschluss mit Schutzlasche<br \/>\nZwei Seitentaschen und eine Brusttasche mit Rei\u00dfverschluss<br \/>\nFlachn\u00e4hte in Kontrastfarbe<br \/>\nReflektierende Logos und Details f\u00fcr bessere Sichtbarkeit<br \/>\nSaum mit elastischem Rand f\u00fcr eine optimale Passform<br \/>\nIdeal f\u00fcr<br \/>\nTrekking und hochintensive Outdoor-Aktivit\u00e4ten<br \/>\nEinsatz als Zwischenschicht oder leichte Au\u00dfenschicht<br \/>\nWechselhafte Wetterbedingungen<\/p>\n","protected":false},"excerpt":{"rendered":"<p>Produktbeschreibung Die Vest Avenger ist die Weiterentwicklung eines der ikonischsten Kleidungsst\u00fccke von CRAZY: eine technische Hybrid-Weste, die f\u00fcr Bergaktivit\u00e4ten mittlerer<\/p>\n","protected":false},"featured_media":831154,"template":"","meta":{"_seopress_robots_primary_cat":"none","_seopress_titles_title":"","_seopress_titles_desc":"","_seopress_robots_index":""},"product_brand":[3614],"product_cat":[974,975,82],"product_tag":[],"class_list":{"0":"post-831152","1":"product","2":"type-product","3":"status-publish","4":"has-post-thumbnail","6":"product_brand-crazy-de","7":"product_cat-freizeitkleidung","8":"product_cat-herrenbekleidung","9":"product_cat-kleidung","10":"sws-gruppo-abb-libero-de","11":"sws-conto-ricavi-merci-rivendita-abbigliamento-de","12":"sws-gruppo-iva-iva81-de","14":"first","15":"instock","16":"sale","17":"shipping-taxable","18":"product-type-variable","19":"has-default-attributes"},"_links":{"self":[{"href":"https:\/\/lucacastelli.com\/de\/wp-json\/wp\/v2\/product\/831152","targetHints":{"allow":["GET"]}}],"collection":[{"href":"https:\/\/lucacastelli.com\/de\/wp-json\/wp\/v2\/product"}],"about":[{"href":"https:\/\/lucacastelli.com\/de\/wp-json\/wp\/v2\/types\/product"}],"wp:featuredmedia":[{"embeddable":true,"href":"https:\/\/lucacastelli.com\/de\/wp-json\/wp\/v2\/media\/831154"}],"wp:attachment":[{"href":"https:\/\/lucacastelli.com\/de\/wp-json\/wp\/v2\/media?parent=831152"}],"wp:term":[{"taxonomy":"product_brand","embeddable":true,"href":"https:\/\/lucacastelli.com\/de\/wp-json\/wp\/v2\/product_brand?post=831152"},{"taxonomy":"product_cat","embeddable":true,"href":"https:\/\/lucacastelli.com\/de\/wp-json\/wp\/v2\/product_cat?post=831152"},{"taxonomy":"product_tag","embeddable":true,"href":"https:\/\/lucacastelli.com\/de\/wp-json\/wp\/v2\/product_tag?post=831152"}],"curies":[{"name":"wp","href":"https:\/\/api.w.org\/{rel}","templated":true}]}}