{"id":831058,"date":"2025-08-08T13:48:45","date_gmt":"2025-08-08T11:48:45","guid":{"rendered":"https:\/\/lucacastelli.com\/prodotto\/milwaukee-sds-plus-bohrhammer-32-mm-inline-m18-fuel-mit-one-key\/"},"modified":"2025-08-08T13:48:45","modified_gmt":"2025-08-08T11:48:45","slug":"milwaukee-sds-plus-bohrhammer-32-mm-inline-m18-fuel-mit-one-key","status":"publish","type":"product","link":"https:\/\/lucacastelli.com\/de\/produkt\/milwaukee-sds-plus-bohrhammer-32-mm-inline-m18-fuel-mit-one-key\/","title":{"rendered":"MILWAUKEE SDS-Plus-Bohrhammer 32 mm (Inline) M18 FUEL\u2122 mit ONE-KEY\u2122"},"content":{"rendered":"<p>SDS-Plus-Bohrhammer 32 mm (Inline) M18 FUEL\u2122 mit ONE-KEY\u2122<br \/>\nM18 FHACOD32-0 \/ SDS-PLUS und SDS-MAX<br \/>\nD-Handgriff mit leichtem und ergonomischem Design f\u00fcr maximalen Anwenderkomfort;Das leistungsstarke Schlagwerk und der b\u00fcrstenlose Motor liefern eine Schlagenergie von 4,9 J;4 Betriebsmodi: Bohrh\u00e4mmern, Mei\u00dfeln, Bohren und Mei\u00dfelpositionierung;Anti-Vibrations-Seitenhandgriff;AUTOSTOP\u2122-System schaltet das Werkzeug zum Schutz des Anwenders bei pl\u00f6tzlichem Blockieren ab;Das ONE-KEY\u2122 Tracking &amp; Security-System bietet eine kostenlose cloudbasierte Bestandsverwaltung und Ortungsplattform sowie eine Fernsperrfunktion;Kompatibel mit der Staubabsaugung M18 FDDEL32;Die REDLINK PLUS\u2122-Elektronik sch\u00fctzt Werkzeug und Akku vor \u00dcberlastung und sorgt f\u00fcr l\u00e4ngere Lebensdauer bei schweren Anwendungen;Der REDLITHIUM\u2122-Akku bietet eine fortschrittliche Konstruktion f\u00fcr l\u00e4ngere Laufzeit und konstante Leistung;Die FUEL\u2122-Technologie definiert Akku-Werkzeuge neu. Der b\u00fcrstenlose Motor, die REDLINK PLUS\u2122-Elektronik und der REDLITHIUM\u2122-Akku bieten \u00fcberragende Leistung und Haltbarkeit <\/p>\n<p>4933492141<br \/>\n4058546415082<\/p>\n","protected":false},"excerpt":{"rendered":"<p>M18 FHACOD32-0 \/ SDS-PLUS und SDS-MAX<\/p>\n","protected":false},"featured_media":592769,"template":"","meta":{"_seopress_robots_primary_cat":"","_seopress_titles_title":"","_seopress_titles_desc":"","_seopress_robots_index":""},"product_brand":[3407],"product_cat":[29,514,549],"product_tag":[3270],"class_list":{"0":"post-831058","1":"product","2":"type-product","3":"status-publish","4":"has-post-thumbnail","6":"product_brand-milwaukee","7":"product_cat-macchinari","8":"product_cat-altri-dispositivi","9":"product_cat-trapani-e-avvitatori","10":"product_tag-import-milwau","11":"sws-conto-ricavi-merci-rivendita-macchinari-de","12":"sws-gruppo-iva-iva81-de","14":"first","15":"onbackorder","16":"sale","17":"shipping-taxable","18":"purchasable","19":"product-type-simple"},"_links":{"self":[{"href":"https:\/\/lucacastelli.com\/de\/wp-json\/wp\/v2\/product\/831058","targetHints":{"allow":["GET"]}}],"collection":[{"href":"https:\/\/lucacastelli.com\/de\/wp-json\/wp\/v2\/product"}],"about":[{"href":"https:\/\/lucacastelli.com\/de\/wp-json\/wp\/v2\/types\/product"}],"wp:featuredmedia":[{"embeddable":true,"href":"https:\/\/lucacastelli.com\/de\/wp-json\/wp\/v2\/media\/592769"}],"wp:attachment":[{"href":"https:\/\/lucacastelli.com\/de\/wp-json\/wp\/v2\/media?parent=831058"}],"wp:term":[{"taxonomy":"product_brand","embeddable":true,"href":"https:\/\/lucacastelli.com\/de\/wp-json\/wp\/v2\/product_brand?post=831058"},{"taxonomy":"product_cat","embeddable":true,"href":"https:\/\/lucacastelli.com\/de\/wp-json\/wp\/v2\/product_cat?post=831058"},{"taxonomy":"product_tag","embeddable":true,"href":"https:\/\/lucacastelli.com\/de\/wp-json\/wp\/v2\/product_tag?post=831058"}],"curies":[{"name":"wp","href":"https:\/\/api.w.org\/{rel}","templated":true}]}}