{"id":831047,"date":"2025-08-08T12:06:49","date_gmt":"2025-08-08T10:06:49","guid":{"rendered":"https:\/\/lucacastelli.com\/prodotto\/milwaukee-kabelschneider-125-mm-m18-force-logic-2\/"},"modified":"2025-08-08T12:06:49","modified_gmt":"2025-08-08T10:06:49","slug":"milwaukee-kabelschneider-125-mm-m18-force-logic-2","status":"publish","type":"product","link":"https:\/\/lucacastelli.com\/de\/produkt\/milwaukee-kabelschneider-125-mm-m18-force-logic-2\/","title":{"rendered":"MILWAUKEE Kabelschneider 125 mm M18\u2122 FORCE LOGIC\u2122"},"content":{"rendered":"<p>M18 HCC125-801C\/KABELSCHNEIDER<br \/>\nDer FORCE LOGIC\u2122 Kabelschneider mit Fernstart schneidet Aluminium, Kupfer und armierte Kabel bis 125 mm Durchmesser; Verstellbarer Seitgriff, Inline-Design und \u00d6se zum Einh\u00e4ngen an Seilen und Haken; Das Quick Lock Verschlusssystem erm\u00f6glicht ein einfaches \u00d6ffnen und Schlie\u00dfen des Hakens ohne Ausrichtungsprobleme; Erm\u00f6glicht das Trennen der Kabel f\u00fcr einen erleichterten Schnitt; Die Batterie ist durch ein Geh\u00e4use gesch\u00fctzt, das die Maschine IP54-zertifiziert macht, staub- und feuchtigkeitsbest\u00e4ndig; Einfacher Wechsel der sichtbaren Klinge, wodurch Ausfallzeiten vermieden werden; Der um 180 Grad drehbare Kopf erleichtert die Ausrichtung der Maschine mit den zu schneidenden Kabeln; Das ONE-KEY\u2122 Tracking &amp; Security System bietet kostenlos einen cloudbasierten Tracking- und Inventarverwaltungsservice mit Fernverriegelungsfunktion und Anwendungsberichten; Der b\u00fcrstenlose Motor, die REDLINK PLUS\u2122 Elektronik und der REDLITHIUM\u2122 Akkupack bieten \u00fcberlegene Leistung und Haltbarkeit; Funktioniert mit allen M18\u2122 MILWAUKEE\u00ae Akkus<\/p>\n<p>4933492419<br \/>\n4058546417864<\/p>\n","protected":false},"excerpt":{"rendered":"<p>M18 HCC125-801C\/KABELSCHNEIDER<\/p>\n","protected":false},"featured_media":583589,"template":"","meta":{"_seopress_robots_primary_cat":"","_seopress_titles_title":"","_seopress_titles_desc":"","_seopress_robots_index":""},"product_brand":[3407],"product_cat":[5531,29,514],"product_tag":[3270],"class_list":{"0":"post-831047","1":"product","2":"type-product","3":"status-publish","4":"has-post-thumbnail","6":"product_brand-milwaukee","7":"product_cat-vari-macchinari-milwaukee","8":"product_cat-macchinari","9":"product_cat-altri-dispositivi","10":"product_tag-import-milwau","11":"sws-conto-ricavi-merci-rivendita-macchinari-de","12":"sws-gruppo-iva-iva81-de","14":"first","15":"onbackorder","16":"sale","17":"shipping-taxable","18":"purchasable","19":"product-type-simple"},"_links":{"self":[{"href":"https:\/\/lucacastelli.com\/de\/wp-json\/wp\/v2\/product\/831047","targetHints":{"allow":["GET"]}}],"collection":[{"href":"https:\/\/lucacastelli.com\/de\/wp-json\/wp\/v2\/product"}],"about":[{"href":"https:\/\/lucacastelli.com\/de\/wp-json\/wp\/v2\/types\/product"}],"wp:featuredmedia":[{"embeddable":true,"href":"https:\/\/lucacastelli.com\/de\/wp-json\/wp\/v2\/media\/583589"}],"wp:attachment":[{"href":"https:\/\/lucacastelli.com\/de\/wp-json\/wp\/v2\/media?parent=831047"}],"wp:term":[{"taxonomy":"product_brand","embeddable":true,"href":"https:\/\/lucacastelli.com\/de\/wp-json\/wp\/v2\/product_brand?post=831047"},{"taxonomy":"product_cat","embeddable":true,"href":"https:\/\/lucacastelli.com\/de\/wp-json\/wp\/v2\/product_cat?post=831047"},{"taxonomy":"product_tag","embeddable":true,"href":"https:\/\/lucacastelli.com\/de\/wp-json\/wp\/v2\/product_tag?post=831047"}],"curies":[{"name":"wp","href":"https:\/\/api.w.org\/{rel}","templated":true}]}}