{"id":831041,"date":"2025-08-08T12:06:53","date_gmt":"2025-08-08T10:06:53","guid":{"rendered":"https:\/\/lucacastelli.com\/prodotto\/milwaukee-edelstahl-rohrabschneider\/"},"modified":"2025-08-08T12:06:53","modified_gmt":"2025-08-08T10:06:53","slug":"milwaukee-edelstahl-rohrabschneider","status":"publish","type":"product","link":"https:\/\/lucacastelli.com\/de\/produkt\/milwaukee-edelstahl-rohrabschneider\/","title":{"rendered":"MILWAUKEE Edelstahl-Rohrabschneider"},"content":{"rendered":"<p>M12PCSS54-0 AKKU-ROHRSCHNEIDER<br \/>\nRAPTOR XL\u2122 schneidet installierte Rohre aus Edelstahl, Baustahl und Kupfer;Schneidet ein 54 mm Edelstahlrohr in weniger als 30 Sekunden;Bis zu 45 Schnitte mit einem M12\u2122 4,0 Ah Akku;Einhandbedienung bei nur 4 cm Wandabstand;Automatische Anpassung der Klemmbacken an den Rohrdurchmesser;Schneidet Rohrdurchmesser von 35, 42 und 54 mm;Versiegelter Metallkopf und Drainagesystem f\u00fcr maximale Wasserbest\u00e4ndigkeit;Front-LED f\u00fcr bessere Sicht bei schlechten Lichtverh\u00e4ltnissen;Akkuladestandsanzeige und LED-Beleuchtung des Arbeitsbereichs;B\u00fcrstenloser Motor, REDLINK PLUS\u2122 Elektronik und REDLITHIUM\u2122 Akku f\u00fcr \u00fcberlegene Leistung und Lebensdauer;Kompatibel mit allen MILWAUKEE\u00ae M12\u2122 Akkus<\/p>\n<p>4933498374<br \/>\n4058546522438<\/p>\n","protected":false},"excerpt":{"rendered":"<p>M12PCSS54-0 AKKU-ROHRSCHNEIDER<\/p>\n","protected":false},"featured_media":588912,"template":"","meta":{"_seopress_robots_primary_cat":"","_seopress_titles_title":"","_seopress_titles_desc":"","_seopress_robots_index":""},"product_brand":[3407],"product_cat":[5531,29,514],"product_tag":[3270],"class_list":{"0":"post-831041","1":"product","2":"type-product","3":"status-publish","4":"has-post-thumbnail","6":"product_brand-milwaukee","7":"product_cat-vari-macchinari-milwaukee","8":"product_cat-macchinari","9":"product_cat-altri-dispositivi","10":"product_tag-import-milwau","11":"sws-conto-ricavi-merci-rivendita-macchinari-de","12":"sws-gruppo-iva-iva81-de","14":"first","15":"onbackorder","16":"sale","17":"shipping-taxable","18":"purchasable","19":"product-type-simple"},"_links":{"self":[{"href":"https:\/\/lucacastelli.com\/de\/wp-json\/wp\/v2\/product\/831041","targetHints":{"allow":["GET"]}}],"collection":[{"href":"https:\/\/lucacastelli.com\/de\/wp-json\/wp\/v2\/product"}],"about":[{"href":"https:\/\/lucacastelli.com\/de\/wp-json\/wp\/v2\/types\/product"}],"wp:featuredmedia":[{"embeddable":true,"href":"https:\/\/lucacastelli.com\/de\/wp-json\/wp\/v2\/media\/588912"}],"wp:attachment":[{"href":"https:\/\/lucacastelli.com\/de\/wp-json\/wp\/v2\/media?parent=831041"}],"wp:term":[{"taxonomy":"product_brand","embeddable":true,"href":"https:\/\/lucacastelli.com\/de\/wp-json\/wp\/v2\/product_brand?post=831041"},{"taxonomy":"product_cat","embeddable":true,"href":"https:\/\/lucacastelli.com\/de\/wp-json\/wp\/v2\/product_cat?post=831041"},{"taxonomy":"product_tag","embeddable":true,"href":"https:\/\/lucacastelli.com\/de\/wp-json\/wp\/v2\/product_tag?post=831041"}],"curies":[{"name":"wp","href":"https:\/\/api.w.org\/{rel}","templated":true}]}}