{"id":831040,"date":"2025-08-08T12:06:47","date_gmt":"2025-08-08T10:06:47","guid":{"rendered":"https:\/\/lucacastelli.com\/prodotto\/milwaukee-kabelschneider-125-mm-m18-force-logic-mit-fernstart-2\/"},"modified":"2025-08-08T12:06:47","modified_gmt":"2025-08-08T10:06:47","slug":"milwaukee-kabelschneider-125-mm-m18-force-logic-mit-fernstart-2","status":"publish","type":"product","link":"https:\/\/lucacastelli.com\/de\/produkt\/milwaukee-kabelschneider-125-mm-m18-force-logic-mit-fernstart-2\/","title":{"rendered":"MILWAUKEE Kabelschneider 125 mm M18\u2122 FORCE LOGIC\u2122 mit Fernstart"},"content":{"rendered":"<p>M18 HSFC125R-802C\/KABELSCHNEIDER<br \/>\nDer FORCE LOGIC\u2122 Kabelschneider schneidet Aluminium-, Kupfer- und armierte Kabel bis zu einem Durchmesser von 125 mm; Die kabellose Fernbedienung kommuniziert \u00fcber Bluetooth\u00ae mit dem Werkzeug, wodurch jede physische Verbindung entf\u00e4llt und Linientechniker Schnitte sicher und kabellos aus der Ferne durchf\u00fchren k\u00f6nnen; Die gr\u00fcne Leuchte an der Fernbedienung best\u00e4tigt den erfolgreichen Schnitt; Der Kabelschneider kann per Fernbedienung oder manuell bedient werden; Der Akku ist durch ein Geh\u00e4use gesch\u00fctzt, das die Maschine IP54-zertifiziert sowie staub- und feuchtigkeitsresistent macht; Bis zu 40 Schnitte mit einem 8-Ah-Akku; Verstellbarer Seitengriff, In-Line-Design und \u00d6se zum Aufh\u00e4ngen an Kabeln und Haken; Schnellanschlusspunkt am Schneidkopf zur schnellen Einstellung des Werkzeugs; Der um 180 Grad drehbare Kopf erleichtert das Ausrichten der Maschine an den zu schneidenden Kabeln; Das ONE-KEY\u2122 Tracking &amp; Security-System bietet eine kostenlose cloudbasierte Bestandsverwaltung und Nachverfolgung sowie Fernsperrfunktionen und Anwendungsberichte; Der b\u00fcrstenlose Motor, die REDLINK PLUS\u2122 Elektronik und der REDLITHIUM\u2122 Akku bieten \u00fcberlegene Leistung und Lebensdauer; Kompatibel mit allen MILWAUKEE\u00ae M18\u2122 Akkus<\/p>\n<p>4933492421<br \/>\n4058546417888<\/p>\n","protected":false},"excerpt":{"rendered":"<p>M18 HSFC125R-802C\/KABELSCHNEIDER<\/p>\n","protected":false},"featured_media":583622,"template":"","meta":{"_seopress_robots_primary_cat":"","_seopress_titles_title":"","_seopress_titles_desc":"","_seopress_robots_index":""},"product_brand":[3407],"product_cat":[5531,29,514],"product_tag":[3270],"class_list":{"0":"post-831040","1":"product","2":"type-product","3":"status-publish","4":"has-post-thumbnail","6":"product_brand-milwaukee","7":"product_cat-vari-macchinari-milwaukee","8":"product_cat-macchinari","9":"product_cat-altri-dispositivi","10":"product_tag-import-milwau","11":"sws-conto-ricavi-merci-rivendita-macchinari-de","12":"sws-gruppo-iva-iva81-de","14":"first","15":"onbackorder","16":"sale","17":"shipping-taxable","18":"purchasable","19":"product-type-simple"},"_links":{"self":[{"href":"https:\/\/lucacastelli.com\/de\/wp-json\/wp\/v2\/product\/831040","targetHints":{"allow":["GET"]}}],"collection":[{"href":"https:\/\/lucacastelli.com\/de\/wp-json\/wp\/v2\/product"}],"about":[{"href":"https:\/\/lucacastelli.com\/de\/wp-json\/wp\/v2\/types\/product"}],"wp:featuredmedia":[{"embeddable":true,"href":"https:\/\/lucacastelli.com\/de\/wp-json\/wp\/v2\/media\/583622"}],"wp:attachment":[{"href":"https:\/\/lucacastelli.com\/de\/wp-json\/wp\/v2\/media?parent=831040"}],"wp:term":[{"taxonomy":"product_brand","embeddable":true,"href":"https:\/\/lucacastelli.com\/de\/wp-json\/wp\/v2\/product_brand?post=831040"},{"taxonomy":"product_cat","embeddable":true,"href":"https:\/\/lucacastelli.com\/de\/wp-json\/wp\/v2\/product_cat?post=831040"},{"taxonomy":"product_tag","embeddable":true,"href":"https:\/\/lucacastelli.com\/de\/wp-json\/wp\/v2\/product_tag?post=831040"}],"curies":[{"name":"wp","href":"https:\/\/api.w.org\/{rel}","templated":true}]}}