{"id":831027,"date":"2025-08-08T13:48:52","date_gmt":"2025-08-08T11:48:52","guid":{"rendered":"https:\/\/lucacastelli.com\/prodotto\/milwaukee-bohrhammer-9\/"},"modified":"2025-08-08T13:48:52","modified_gmt":"2025-08-08T11:48:52","slug":"milwaukee-bohrhammer-9","status":"publish","type":"product","link":"https:\/\/lucacastelli.com\/de\/produkt\/milwaukee-bohrhammer-9\/","title":{"rendered":"MILWAUKEE Bohrhammer"},"content":{"rendered":"<p>M18FHAC16-302X AKKU-BOHRHAMMER<br \/>\nLeistungsstark in kompakter Bauform: 1,7 J Schlagenergie; Ausdauernd: bis zu 58 Bohrungen \u00d8 10 x 50 mm mit einem M18\u2122 HIGH OUTPUT\u2122 3,0 Ah Akku (M18 HB3); AUTOSTOP\u2122-System schaltet das Werkzeug bei pl\u00f6tzlichen Drehbewegungen zum Schutz des Anwenders ab; 4 Betriebsmodi: Hammerbohren, Mei\u00dfeln, Bohren und Variolock f\u00fcr die Mei\u00dfelpositionierung; Kompatibel mit der Absaugeinheit M18 FDDEC; Anti-Vibrations-System (AVS) zur Reduzierung der Erm\u00fcdung und Vibrationsbelastung. Zus\u00e4tzlicher Seitengriff zur weiteren Vibrationsminderung; Die FUEL\u2122-Technologie definiert Akku-Elektrowerkzeuge neu. Der b\u00fcrstenlose Motor, die REDLINK PLUS\u2122-Elektronik und der REDLITHIUM\u2122-Akkupack bieten \u00fcberragende Leistung und Standzeit; Kompatibel mit allen MILWAUKEE\u00ae M18\u2122 Akkus  <\/p>\n<p>4933498584<br \/>\n4058546524531<\/p>\n","protected":false},"excerpt":{"rendered":"<p>M18FHAC16-302X AKKU-BOHRHAMMER<\/p>\n","protected":false},"featured_media":589071,"template":"","meta":{"_seopress_robots_primary_cat":"","_seopress_titles_title":"","_seopress_titles_desc":"","_seopress_robots_index":""},"product_brand":[3407],"product_cat":[29,514,549],"product_tag":[3270],"class_list":{"0":"post-831027","1":"product","2":"type-product","3":"status-publish","4":"has-post-thumbnail","6":"product_brand-milwaukee","7":"product_cat-macchinari","8":"product_cat-altri-dispositivi","9":"product_cat-trapani-e-avvitatori","10":"product_tag-import-milwau","11":"sws-conto-ricavi-merci-rivendita-macchinari-de","12":"sws-gruppo-iva-iva81-de","14":"first","15":"onbackorder","16":"sale","17":"shipping-taxable","18":"purchasable","19":"product-type-simple"},"_links":{"self":[{"href":"https:\/\/lucacastelli.com\/de\/wp-json\/wp\/v2\/product\/831027","targetHints":{"allow":["GET"]}}],"collection":[{"href":"https:\/\/lucacastelli.com\/de\/wp-json\/wp\/v2\/product"}],"about":[{"href":"https:\/\/lucacastelli.com\/de\/wp-json\/wp\/v2\/types\/product"}],"wp:featuredmedia":[{"embeddable":true,"href":"https:\/\/lucacastelli.com\/de\/wp-json\/wp\/v2\/media\/589071"}],"wp:attachment":[{"href":"https:\/\/lucacastelli.com\/de\/wp-json\/wp\/v2\/media?parent=831027"}],"wp:term":[{"taxonomy":"product_brand","embeddable":true,"href":"https:\/\/lucacastelli.com\/de\/wp-json\/wp\/v2\/product_brand?post=831027"},{"taxonomy":"product_cat","embeddable":true,"href":"https:\/\/lucacastelli.com\/de\/wp-json\/wp\/v2\/product_cat?post=831027"},{"taxonomy":"product_tag","embeddable":true,"href":"https:\/\/lucacastelli.com\/de\/wp-json\/wp\/v2\/product_tag?post=831027"}],"curies":[{"name":"wp","href":"https:\/\/api.w.org\/{rel}","templated":true}]}}