{"id":831024,"date":"2025-08-08T13:48:48","date_gmt":"2025-08-08T11:48:48","guid":{"rendered":"https:\/\/lucacastelli.com\/prodotto\/milwaukee-bohrhammer-8\/"},"modified":"2025-08-08T13:48:48","modified_gmt":"2025-08-08T11:48:48","slug":"milwaukee-bohrhammer-8","status":"publish","type":"product","link":"https:\/\/lucacastelli.com\/de\/produkt\/milwaukee-bohrhammer-8\/","title":{"rendered":"MILWAUKEE Bohrhammer"},"content":{"rendered":"<p>M18 CHM-121C \/ SDS-MAX<br \/>\nDer weltweit erste 18-V-SDS-Max-Kombihammer: Leistung vergleichbar mit einem Netzger\u00e4t;Der b\u00fcrstenlose POWERSTATE\u2122-Motor von MILWAUKEE\u00ae liefert eine Bohrleistung wie ein Netzger\u00e4t;Das REDLINK PLUS\u2122-Intelligenzsystem bietet einen fortschrittlichen digitalen \u00dcberlastschutz f\u00fcr Werkzeug und Akku und verbessert die Leistung des Werkzeugs unter Last erheblich;Der REDLITHIUM\u2122-Akkupack mit 9,0-Ah-Hochleistungsakku bietet nicht nur eine bis zu 5-mal l\u00e4ngere Laufzeit, bis zu 35 % mehr Leistung und eine 2-mal l\u00e4ngere Lebensdauer, sondern erm\u00f6glicht auch den Betrieb bei Temperaturen bis zu -20 \u00b0C (im Vergleich zu anderen Lithium-Technologien);Robustes Magnesium-Getriebegeh\u00e4use f\u00fcr den harten Baustelleneinsatz mit pr\u00e4zisem Sitz der Getriebeteile und besserer K\u00fchlung;Drehstopp-Funktion und die M\u00f6glichkeit, den Mei\u00dfel in 12 verschiedenen Positionen zu arretieren, je nach gew\u00fcnschtem Mei\u00dfelwinkel;Vibrationsarme Konstruktion (10,6 m\/s\u00b2) f\u00fcr komfortableres Arbeiten;Sicherheitskupplung sch\u00fctzt sowohl den Anwender als auch das Werkzeug bei Blockieren des Bohrers;Kompatibel mit allen MILWAUKEE\u00ae M18\u2122-Akkus<\/p>\n<p>4933499271<br \/>\n4058546564353<\/p>\n","protected":false},"excerpt":{"rendered":"<p>M18 CHM-121C \/ SDS-MAX<\/p>\n","protected":false},"featured_media":589670,"template":"","meta":{"_seopress_robots_primary_cat":"","_seopress_titles_title":"","_seopress_titles_desc":"","_seopress_robots_index":""},"product_brand":[3407],"product_cat":[29,514,549],"product_tag":[3270],"class_list":{"0":"post-831024","1":"product","2":"type-product","3":"status-publish","4":"has-post-thumbnail","6":"product_brand-milwaukee","7":"product_cat-macchinari","8":"product_cat-altri-dispositivi","9":"product_cat-trapani-e-avvitatori","10":"product_tag-import-milwau","11":"sws-conto-ricavi-merci-rivendita-macchinari-de","12":"sws-gruppo-iva-iva81-de","14":"first","15":"onbackorder","16":"sale","17":"shipping-taxable","18":"purchasable","19":"product-type-simple"},"_links":{"self":[{"href":"https:\/\/lucacastelli.com\/de\/wp-json\/wp\/v2\/product\/831024","targetHints":{"allow":["GET"]}}],"collection":[{"href":"https:\/\/lucacastelli.com\/de\/wp-json\/wp\/v2\/product"}],"about":[{"href":"https:\/\/lucacastelli.com\/de\/wp-json\/wp\/v2\/types\/product"}],"wp:featuredmedia":[{"embeddable":true,"href":"https:\/\/lucacastelli.com\/de\/wp-json\/wp\/v2\/media\/589670"}],"wp:attachment":[{"href":"https:\/\/lucacastelli.com\/de\/wp-json\/wp\/v2\/media?parent=831024"}],"wp:term":[{"taxonomy":"product_brand","embeddable":true,"href":"https:\/\/lucacastelli.com\/de\/wp-json\/wp\/v2\/product_brand?post=831024"},{"taxonomy":"product_cat","embeddable":true,"href":"https:\/\/lucacastelli.com\/de\/wp-json\/wp\/v2\/product_cat?post=831024"},{"taxonomy":"product_tag","embeddable":true,"href":"https:\/\/lucacastelli.com\/de\/wp-json\/wp\/v2\/product_tag?post=831024"}],"curies":[{"name":"wp","href":"https:\/\/api.w.org\/{rel}","templated":true}]}}