{"id":831021,"date":"2025-08-08T13:48:49","date_gmt":"2025-08-08T11:48:49","guid":{"rendered":"https:\/\/lucacastelli.com\/prodotto\/milwaukee-bohrhammer-7\/"},"modified":"2025-08-08T13:48:49","modified_gmt":"2025-08-08T11:48:49","slug":"milwaukee-bohrhammer-7","status":"publish","type":"product","link":"https:\/\/lucacastelli.com\/de\/produkt\/milwaukee-bohrhammer-7\/","title":{"rendered":"MILWAUKEE Bohrhammer"},"content":{"rendered":"<p>M18 FHM-121C \/ SDS-MAX<br \/>\nDer M18 FHM Bohrhammer ist der produktivste SDS-MAX-Bohrhammer, den MILWAUKEE\u00ae je auf den Markt gebracht hat. Er bietet die gleiche Leistung wie ein kabelgebundenes Ger\u00e4t mit der Flexibilit\u00e4t eines Akkus auf der M18\u2122-Plattform; Das HIGH OUTPUT\u2122-System steigert Leistung und Laufzeit der M18 FUEL\u2122-Technologie; Das ONE-KEY\u2122 Tracking &amp; Security-System bietet kostenlos einen cloudbasierten Tracking- und Inventarverwaltungsservice und verf\u00fcgt zudem \u00fcber eine Fernverriegelungsfunktion; Der neue REDLITHIUM\u2122 HIGH OUTPUT\u2122 12,0-Ah-Akku verf\u00fcgt \u00fcber eine \u00fcberlegene Akkupack-Konstruktion und konstante Leistung, die l\u00e4ngere Laufzeit und mehr Nutzarbeit \u00fcber die gesamte Lebensdauer des Akkus garantieren; ONE-KEY\u2122-Funktionen wie Ortung und Inventarverwaltung inklusive; Die M\u00f6glichkeit, den Schalter zu verriegeln, verhindert lange Zeitr\u00e4ume, in denen der Benutzer den Schalter bei Abbrucharbeiten gedr\u00fcckt halten muss; Gro\u00dfer vibrationsd\u00e4mpfender Griff erm\u00f6glicht die Verwendung mit beiden H\u00e4nden bei minimaler Vibrationsbelastung; LED-Anzeige des Wartungsstatus; Funktioniert mit allen M18\u2122-Akkus von MILWAUKEE\u00ae<\/p>\n<p>4933499269<br \/>\n4058546564339<\/p>\n","protected":false},"excerpt":{"rendered":"<p>M18 FHM-121C \/ SDS-MAX<\/p>\n","protected":false},"featured_media":440963,"template":"","meta":{"_seopress_robots_primary_cat":"","_seopress_titles_title":"","_seopress_titles_desc":"","_seopress_robots_index":""},"product_brand":[3407],"product_cat":[29,514,549],"product_tag":[3270],"class_list":{"0":"post-831021","1":"product","2":"type-product","3":"status-publish","4":"has-post-thumbnail","6":"product_brand-milwaukee","7":"product_cat-macchinari","8":"product_cat-altri-dispositivi","9":"product_cat-trapani-e-avvitatori","10":"product_tag-import-milwau","11":"sws-conto-ricavi-merci-rivendita-macchinari-de","12":"sws-gruppo-iva-iva81-de","14":"first","15":"onbackorder","16":"sale","17":"shipping-taxable","18":"purchasable","19":"product-type-simple"},"_links":{"self":[{"href":"https:\/\/lucacastelli.com\/de\/wp-json\/wp\/v2\/product\/831021","targetHints":{"allow":["GET"]}}],"collection":[{"href":"https:\/\/lucacastelli.com\/de\/wp-json\/wp\/v2\/product"}],"about":[{"href":"https:\/\/lucacastelli.com\/de\/wp-json\/wp\/v2\/types\/product"}],"wp:featuredmedia":[{"embeddable":true,"href":"https:\/\/lucacastelli.com\/de\/wp-json\/wp\/v2\/media\/440963"}],"wp:attachment":[{"href":"https:\/\/lucacastelli.com\/de\/wp-json\/wp\/v2\/media?parent=831021"}],"wp:term":[{"taxonomy":"product_brand","embeddable":true,"href":"https:\/\/lucacastelli.com\/de\/wp-json\/wp\/v2\/product_brand?post=831021"},{"taxonomy":"product_cat","embeddable":true,"href":"https:\/\/lucacastelli.com\/de\/wp-json\/wp\/v2\/product_cat?post=831021"},{"taxonomy":"product_tag","embeddable":true,"href":"https:\/\/lucacastelli.com\/de\/wp-json\/wp\/v2\/product_tag?post=831021"}],"curies":[{"name":"wp","href":"https:\/\/api.w.org\/{rel}","templated":true}]}}