{"id":831002,"date":"2025-08-08T12:06:43","date_gmt":"2025-08-08T10:06:43","guid":{"rendered":"https:\/\/lucacastelli.com\/prodotto\/milwaukee-hydraulischer-kabelschneider-m18-force-logic-8\/"},"modified":"2025-08-08T12:06:43","modified_gmt":"2025-08-08T10:06:43","slug":"milwaukee-hydraulischer-kabelschneider-m18-force-logic-8","status":"publish","type":"product","link":"https:\/\/lucacastelli.com\/de\/produkt\/milwaukee-hydraulischer-kabelschneider-m18-force-logic-8\/","title":{"rendered":"MILWAUKEE Hydraulischer Kabelschneider M18\u2122 FORCE LOGIC\u2122"},"content":{"rendered":"<p>M18 ONEHCC-0C ACSR SET\/UT SETTORE<br \/>\nHydraulischer Kabelschneider FORCE LOGIC\u2122 schneidet Elektrokabel in weniger als 3 Sekunden mit 53 kN Kraft; Der b\u00fcrstenlose POWERSTATE\u2122-Motor, gebaut von Milwaukee\u00ae, liefert mehr Leistung, l\u00e4ngere Laufzeit und h\u00f6here Lebensdauer; Ausgezeichnete Balance f\u00fcr einh\u00e4ndige Anwendungen; Ein einziges Werkzeug bietet L\u00f6sungen zum Schneiden von ACSR-Elektrokabeln, Kupfer- und Aluminiumelektrokabeln sowie Stahlseilen; Die einfache Handhabung der Backen erm\u00f6glicht dem Benutzer eine Umr\u00fcstung f\u00fcr eine neue Anwendung in weniger als 15 Sekunden; Das Inline-Design und die kompakte Backe mit der M\u00f6glichkeit, den Kopf um 350\u00b0 zu drehen, erm\u00f6glichen komfortable Schnitte auch in engen R\u00e4umen; Das ONE-KEY\u2122 Tracking &amp; Security System bietet kostenlos einen cloudbasierten Tracking- und Inventarverwaltungsservice mit Fernverriegelungsfunktion und Anwendungsberichten; Der b\u00fcrstenlose Motor, die REDLINK PLUS\u2122-Elektronik und der REDLITHIUM\u2122-Akkupack bieten \u00fcberlegene Leistung und Haltbarkeit; Funktioniert mit allen M18\u2122 MILWAUKEE\u00ae-Akkus<\/p>\n<p>4933464303<br \/>\n4058546222482<\/p>\n","protected":false},"excerpt":{"rendered":"<p>M18 ONEHCC-0C ACSR SET\/UT SETTORE<\/p>\n","protected":false},"featured_media":573294,"template":"","meta":{"_seopress_robots_primary_cat":"","_seopress_titles_title":"","_seopress_titles_desc":"","_seopress_robots_index":""},"product_brand":[3407],"product_cat":[5531,29,514],"product_tag":[3270],"class_list":{"0":"post-831002","1":"product","2":"type-product","3":"status-publish","4":"has-post-thumbnail","6":"product_brand-milwaukee","7":"product_cat-vari-macchinari-milwaukee","8":"product_cat-macchinari","9":"product_cat-altri-dispositivi","10":"product_tag-import-milwau","11":"sws-conto-ricavi-merci-rivendita-macchinari-de","12":"sws-gruppo-iva-iva81-de","14":"first","15":"onbackorder","16":"sale","17":"shipping-taxable","18":"purchasable","19":"product-type-simple"},"_links":{"self":[{"href":"https:\/\/lucacastelli.com\/de\/wp-json\/wp\/v2\/product\/831002","targetHints":{"allow":["GET"]}}],"collection":[{"href":"https:\/\/lucacastelli.com\/de\/wp-json\/wp\/v2\/product"}],"about":[{"href":"https:\/\/lucacastelli.com\/de\/wp-json\/wp\/v2\/types\/product"}],"wp:featuredmedia":[{"embeddable":true,"href":"https:\/\/lucacastelli.com\/de\/wp-json\/wp\/v2\/media\/573294"}],"wp:attachment":[{"href":"https:\/\/lucacastelli.com\/de\/wp-json\/wp\/v2\/media?parent=831002"}],"wp:term":[{"taxonomy":"product_brand","embeddable":true,"href":"https:\/\/lucacastelli.com\/de\/wp-json\/wp\/v2\/product_brand?post=831002"},{"taxonomy":"product_cat","embeddable":true,"href":"https:\/\/lucacastelli.com\/de\/wp-json\/wp\/v2\/product_cat?post=831002"},{"taxonomy":"product_tag","embeddable":true,"href":"https:\/\/lucacastelli.com\/de\/wp-json\/wp\/v2\/product_tag?post=831002"}],"curies":[{"name":"wp","href":"https:\/\/api.w.org\/{rel}","templated":true}]}}